{"id":64605,"date":"2024-01-04T10:47:37","date_gmt":"2024-01-04T09:47:37","guid":{"rendered":"https:\/\/flexmaster.eu\/o-nas\/"},"modified":"2025-02-05T08:23:24","modified_gmt":"2025-02-05T07:23:24","slug":"o-nas","status":"publish","type":"page","link":"https:\/\/flexmaster.eu\/cs\/o-nas\/","title":{"rendered":"O n\u00e1s"},"content":{"rendered":"<div class=\"wpb-content-wrapper\"><p>[vc_row type=&#8220;in_container&#8220; full_screen_row_position=&#8220;middle&#8220; scene_position=&#8220;center&#8220; text_color=&#8220;dark&#8220; text_align=&#8220;left&#8220; overlay_strength=&#8220;0.3&#8243; shape_divider_position=&#8220;bottom&#8220;][vc_column width=&#8220;1\/2&#8243; column_padding=&#8220;no-extra-padding&#8220; column_padding_position=&#8220;all&#8220; background_color_opacity=&#8220;1&#8243; background_hover_color_opacity=&#8220;1&#8243; column_shadow=&#8220;none&#8220; column_border_radius=&#8220;none&#8220; tablet_text_alignment=&#8220;default&#8220; phone_text_alignment=&#8220;default&#8220; column_border_width=&#8220;none&#8220; column_border_style=&#8220;solid&#8220;][vc_column_text woodmart_inline=&#8220;no&#8220; text_larger=&#8220;no&#8220;]Mastervent je internetov\u00fd obchod p\u0159edn\u00edho v\u00fdrobce technick\u00fdch hadic a v\u00fdrobce ventila\u010dn\u00edch instala\u010dn\u00edch prvk\u016f a za\u0159\u00edzen\u00ed na ods\u00e1v\u00e1n\u00ed prachu. Jsme tak\u00e9 distributorem produkt\u016f mnoha p\u0159edn\u00edch v\u00fdrobc\u016f vzduchotechnick\u00fdch a klimatiza\u010dn\u00edch za\u0159\u00edzen\u00ed.<\/p>\n<p>Na\u0161e nab\u00eddka zahrnuje odpra\u0161ovac\u00ed a filtra\u010dn\u00ed za\u0159\u00edzen\u00ed pou\u017e\u00edvan\u00e1 v r\u016fzn\u00fdch pr\u016fmyslov\u00fdch odv\u011btv\u00edch, kter\u00e1 se pou\u017e\u00edvaj\u00ed tam, kde emise prachu a plyn\u016f na pracovi\u0161t\u00edch p\u0159edstavuj\u00ed skute\u010dnou hrozbu pro zdrav\u00ed a \u017eivoty zam\u011bstnanc\u016f. Nab\u00edz\u00edme filtra\u010dn\u00ed a ventila\u010dn\u00ed za\u0159\u00edzen\u00ed ur\u010den\u00e1 k \u010di\u0161t\u011bn\u00ed vzduchu zne\u010di\u0161t\u011bn\u00e9ho such\u00fdm prachem o velikosti do 0,4 \u03bcm, odlu\u010dova\u010de olejov\u00e9 mlhy, odsava\u010de v\u00fdfukov\u00fdch plyn\u016f a pr\u016fmyslov\u00e9 vysava\u010de.<\/p>\n<p>V na\u0161\u00ed nab\u00eddce nechyb\u00ed ani ventil\u00e1tory pro dopravu t\u0159\u00edsek, pilin a granul\u00e1t\u016f a tak\u00e9 ventil\u00e1tory pro \u010derp\u00e1n\u00ed hork\u00e9ho a vlhk\u00e9ho vzduchu, perfektn\u00ed pro su\u0161\u00e1rny d\u0159eva. D\u00e1le nab\u00edz\u00edme ventil\u00e1tory pro agresivn\u00ed chemick\u00e1 m\u00e9dia a ventil\u00e1tory pro potenci\u00e1ln\u011b v\u00fdbu\u0161n\u00e9 prost\u0159ed\u00ed, vyhovuj\u00edc\u00ed sm\u011brnici ATEX 94\/9\/EC.<\/p>\n<p>Mastervent d\u00e1le poskytuje slu\u017eby v oblasti poradenstv\u00ed, n\u00e1vrhu a realizace kompletn\u00edch vzduchotechnick\u00fdch syst\u00e9m\u016f pro v\u0161echny z\u00e1jemce o problematiku osobn\u00ed ochrany zam\u011bstnanc\u016f, stroj\u016f a za\u0159\u00edzen\u00ed. Poskytujeme asistenci p\u0159i mont\u00e1\u017ei a dod\u00e1vce v\u0161ech prvk\u016f zahrnut\u00fdch do prob\u00edhaj\u00edc\u00edch nebo pl\u00e1novan\u00fdch investic pro typick\u00e9 i specializovan\u00e9 ventila\u010dn\u00ed syst\u00e9my.[\/vc_column_text][\/vc_column][vc_column width=&#8220;1\/2&#8243;][vc_video link=&#8220;https:\/\/youtu.be\/1UlkbrNJ6nY&#8220; css=&#8220;&#8220; image_poster_switch=&#8220;no&#8220; woodmart_css_id=&#8220;67a311e54be70&#8243;][\/vc_column][\/vc_row]<\/p>\n<\/div>","protected":false},"excerpt":{"rendered":"<p>[vc_row type=&#8220;in_container&#8220; full_screen_row_position=&#8220;middle&#8220; scene_position=&#8220;center&#8220; text_color=&#8220;dark&#8220; text_align=&#8220;left&#8220; overlay_strength=&#8220;0.3&#8243; shape_divider_position=&#8220;bottom&#8220;][vc_column width=&#8220;1\/2&#8243; column_padding=&#8220;no-extra-padding&#8220; column_padding_position=&#8220;all&#8220; background_color_opacity=&#8220;1&#8243; background_hover_color_opacity=&#8220;1&#8243; column_shadow=&#8220;none&#8220; column_border_radius=&#8220;none&#8220; tablet_text_alignment=&#8220;default&#8220; phone_text_alignment=&#8220;default&#8220; column_border_width=&#8220;none&#8220; column_border_style=&#8220;solid&#8220;][vc_column_text woodmart_inline=&#8220;no&#8220;<\/p>\n","protected":false},"author":1,"featured_media":0,"parent":0,"menu_order":0,"comment_status":"open","ping_status":"open","template":"","meta":{"footnotes":""},"class_list":["post-64605","page","type-page","status-publish","hentry"],"_links":{"self":[{"href":"https:\/\/flexmaster.eu\/cs\/wp-json\/wp\/v2\/pages\/64605","targetHints":{"allow":["GET"]}}],"collection":[{"href":"https:\/\/flexmaster.eu\/cs\/wp-json\/wp\/v2\/pages"}],"about":[{"href":"https:\/\/flexmaster.eu\/cs\/wp-json\/wp\/v2\/types\/page"}],"author":[{"embeddable":true,"href":"https:\/\/flexmaster.eu\/cs\/wp-json\/wp\/v2\/users\/1"}],"replies":[{"embeddable":true,"href":"https:\/\/flexmaster.eu\/cs\/wp-json\/wp\/v2\/comments?post=64605"}],"version-history":[{"count":0,"href":"https:\/\/flexmaster.eu\/cs\/wp-json\/wp\/v2\/pages\/64605\/revisions"}],"wp:attachment":[{"href":"https:\/\/flexmaster.eu\/cs\/wp-json\/wp\/v2\/media?parent=64605"}],"curies":[{"name":"wp","href":"https:\/\/api.w.org\/{rel}","templated":true}]}}