{"id":68239,"date":"2018-01-04T00:54:07","date_gmt":"2018-01-03T23:54:07","guid":{"rendered":"https:\/\/flexmaster.eu\/produkt\/vent-clip-ptfe-v-el\/"},"modified":"2018-01-04T00:54:07","modified_gmt":"2018-01-03T23:54:07","slug":"vent-clip-ptfe-v-el","status":"publish","type":"product","link":"https:\/\/flexmaster.eu\/cs\/produkt\/vent-clip-ptfe-v-el\/","title":{"rendered":"Vent Clip PTFE V-EX"},"content":{"rendered":"","protected":false},"excerpt":{"rendered":"<p>Vent Clip PTFE V-EX je hadice s vynikaj\u00edc\u00ed chemickou odolnost\u00ed, p\u0159izp\u016fsoben\u00e1 pro transport par a korozivn\u00edch plyn\u016f a pro pr\u00e1ci v podm\u00ednk\u00e1ch zv\u00fd\u0161en\u00e9ho mechanick\u00e9ho zat\u00ed\u017een\u00ed. Navr\u017eena tak, aby se p\u0159epravovan\u00e1 l\u00e1tka nelepila na jej\u00ed vnit\u0159n\u00ed st\u011bnu. Hadice je z vn\u011bj\u0161\u00ed strany vyztu\u017eena spir\u00e1lou z pozinkovan\u00e9 oceli. Produkt pro p\u0159epravu l\u00e1tek s teplotami od -20\u00b0C do +70\u00b0C (do\u010dasn\u011b a\u017e +80\u00b0C).<\/p>\n<h6 style=\"color: #0061af;\">V\u00fdrobn\u00ed standardy:<\/h6>\n<ul>\n<li>DN 50 \u2013 DN 900<\/li>\n<li>Barva: vn\u011bj\u0161\u00ed &#8211; popelav\u011b \u0161ed\u00e1, uvnit\u0159 &#8211; \u010dern\u00e1<\/li>\n<li>V\u00fdrobn\u00ed d\u00e9lky: od 3m do 10m<\/li>\n<\/ul>\n","protected":false},"featured_media":89738,"comment_status":"closed","ping_status":"closed","template":"","meta":[],"product_brand":[],"product_cat":[1490,2581,1442,1383],"product_tag":[],"class_list":{"0":"post-68239","1":"product","2":"type-product","3":"status-publish","4":"has-post-thumbnail","6":"product_cat-elektricky-vodive-hadice-atex-ex","7":"product_cat-flexibilni-hadice","8":"product_cat-chemicky-odolne-hadice","9":"product_cat-prumyslove-hadice","10":"pa_max-temperatura-c-70c-cs","11":"pa_medium-kapaliny","12":"pa_medium-plyn-vzduch-vyfukove-plyny-para","13":"pa_min-cisnienie-bar-0010-cs","14":"pa_min-temperatura-c-20c-cs","15":"pa_wlasciwosci-elektricky-vodive","16":"pa_wlasciwosci-stlacitelny","17":"pa_zastosowanie-automobilovy-prumysl","18":"pa_zastosowanie-chemicky-prumysl","19":"pa_zastosowanie-drevarsky-prumysl","20":"pa_zastosowanie-kovovy-prumysl","21":"tm-has-options","23":"first","24":"instock","25":"taxable","26":"shipping-taxable","27":"purchasable","28":"product-type-variable","29":"has-default-attributes"},"_links":{"self":[{"href":"https:\/\/flexmaster.eu\/cs\/wp-json\/wp\/v2\/product\/68239","targetHints":{"allow":["GET"]}}],"collection":[{"href":"https:\/\/flexmaster.eu\/cs\/wp-json\/wp\/v2\/product"}],"about":[{"href":"https:\/\/flexmaster.eu\/cs\/wp-json\/wp\/v2\/types\/product"}],"replies":[{"embeddable":true,"href":"https:\/\/flexmaster.eu\/cs\/wp-json\/wp\/v2\/comments?post=68239"}],"wp:featuredmedia":[{"embeddable":true,"href":"https:\/\/flexmaster.eu\/cs\/wp-json\/wp\/v2\/media\/89738"}],"wp:attachment":[{"href":"https:\/\/flexmaster.eu\/cs\/wp-json\/wp\/v2\/media?parent=68239"}],"wp:term":[{"taxonomy":"product_brand","embeddable":true,"href":"https:\/\/flexmaster.eu\/cs\/wp-json\/wp\/v2\/product_brand?post=68239"},{"taxonomy":"product_cat","embeddable":true,"href":"https:\/\/flexmaster.eu\/cs\/wp-json\/wp\/v2\/product_cat?post=68239"},{"taxonomy":"product_tag","embeddable":true,"href":"https:\/\/flexmaster.eu\/cs\/wp-json\/wp\/v2\/product_tag?post=68239"}],"curies":[{"name":"wp","href":"https:\/\/api.w.org\/{rel}","templated":true}]}}