{"id":91276,"date":"2025-03-14T08:18:28","date_gmt":"2025-03-14T07:18:28","guid":{"rendered":"https:\/\/flexmaster.eu\/produkt\/vent-st-flex\/"},"modified":"2025-11-17T07:39:31","modified_gmt":"2025-11-17T06:39:31","slug":"vent-st-flex","status":"publish","type":"product","link":"https:\/\/flexmaster.eu\/cs\/produkt\/vent-st-flex\/","title":{"rendered":"Vent ST FLEX"},"content":{"rendered":"","protected":false},"excerpt":{"rendered":"<p>Univerz\u00e1ln\u00ed sac\u00ed a v\u00fdtla\u010dn\u00e1 hadice, odoln\u00e1 proti od\u011bru a podtlaku, pro p\u0159epravu pevn\u00fdch, kapaln\u00fdch a plynn\u00fdch materi\u00e1l\u016f. Pou\u017e\u00edv\u00e1 se ve vakuov\u00fdch \u010derpadlech, zem\u011bd\u011blsk\u00fdch stroj\u00edch, stavebnictv\u00ed, \u010dist\u00edrn\u00e1ch odpadn\u00edch vod a odvod\u0148ov\u00e1n\u00ed podzemn\u00edch vod.<\/p>\n<h6>V\u00fdrobn\u00ed normy<\/h6>\n<ul>\n<li>DN 12,5 \u2013 DN 110<\/li>\n<li>Barva: pr\u016fhledn\u00e1<\/li>\n<li>V\u00fdrobn\u00ed d\u00e9lky: 50 m<\/li>\n<\/ul>\n","protected":false},"featured_media":88806,"comment_status":"open","ping_status":"closed","template":"","meta":[],"product_brand":[],"product_cat":[1442,2708,1383],"product_tag":[],"class_list":{"0":"post-91276","1":"product","2":"type-product","3":"status-publish","4":"has-post-thumbnail","6":"product_cat-chemicky-odolne-hadice","7":"product_cat-hadice-pro-vseobecne-pouziti","8":"product_cat-prumyslove-hadice","9":"tm-has-options","11":"first","12":"instock","13":"taxable","14":"shipping-taxable","15":"purchasable","16":"product-type-variable","17":"has-default-attributes"},"_links":{"self":[{"href":"https:\/\/flexmaster.eu\/cs\/wp-json\/wp\/v2\/product\/91276","targetHints":{"allow":["GET"]}}],"collection":[{"href":"https:\/\/flexmaster.eu\/cs\/wp-json\/wp\/v2\/product"}],"about":[{"href":"https:\/\/flexmaster.eu\/cs\/wp-json\/wp\/v2\/types\/product"}],"replies":[{"embeddable":true,"href":"https:\/\/flexmaster.eu\/cs\/wp-json\/wp\/v2\/comments?post=91276"}],"wp:featuredmedia":[{"embeddable":true,"href":"https:\/\/flexmaster.eu\/cs\/wp-json\/wp\/v2\/media\/88806"}],"wp:attachment":[{"href":"https:\/\/flexmaster.eu\/cs\/wp-json\/wp\/v2\/media?parent=91276"}],"wp:term":[{"taxonomy":"product_brand","embeddable":true,"href":"https:\/\/flexmaster.eu\/cs\/wp-json\/wp\/v2\/product_brand?post=91276"},{"taxonomy":"product_cat","embeddable":true,"href":"https:\/\/flexmaster.eu\/cs\/wp-json\/wp\/v2\/product_cat?post=91276"},{"taxonomy":"product_tag","embeddable":true,"href":"https:\/\/flexmaster.eu\/cs\/wp-json\/wp\/v2\/product_tag?post=91276"}],"curies":[{"name":"wp","href":"https:\/\/api.w.org\/{rel}","templated":true}]}}