{"id":92171,"date":"2025-03-15T09:09:25","date_gmt":"2025-03-15T08:09:25","guid":{"rendered":"https:\/\/flexmaster.eu\/produkt\/vent-pur-p70\/"},"modified":"2025-11-17T07:59:21","modified_gmt":"2025-11-17T06:59:21","slug":"vent-pur-p70","status":"publish","type":"product","link":"https:\/\/flexmaster.eu\/cs\/produkt\/vent-pur-p70\/","title":{"rendered":"Vent PUR P70"},"content":{"rendered":"","protected":false},"excerpt":{"rendered":"<p>Velmi lehk\u00e1, flexibiln\u00ed a mechanicky odoln\u00e1 p\u0159e\u010derp\u00e1vac\u00ed hadice pro abrazivn\u00ed materi\u00e1ly. Vyzna\u010duje se mal\u00fdm polom\u011brem ohybu a axi\u00e1ln\u00ed stla\u010ditelnost\u00ed. Hadice je vyrobena z polyesterov\u00e9 polyuretanov\u00e9 f\u00f3lie. M\u00e1 v\u00fdztu\u017e ve tvaru spir\u00e1ly z pru\u017einov\u00e9ho ocelov\u00e9ho dr\u00e1tu s m\u011bd\u011bn\u00fdm pojivem. Spir\u00e1la slou\u017e\u00ed tak\u00e9 k odvodu elektrostatick\u00fdch n\u00e1boj\u016f. Tlou\u0161\u0165ka st\u011bny mezi spir\u00e1lami je 0,6 mm. V\u00fdrobek je odoln\u00fd v\u016f\u010di rozpou\u0161t\u011bdl\u016fm, olej\u016fm a paliv\u016fm. Krom\u011b toho je odoln\u00fd v\u016f\u010di atmosf\u00e9rick\u00e9mu ozonu a ultrafialov\u00e9mu z\u00e1\u0159en\u00ed.<\/p>\n<h6>V\u00fdrobn\u00ed normy<\/h6>\n<ul>\n<li>DN 40 \u2013 DN 500<\/li>\n<li>Barva: pr\u016fhledn\u00e1<\/li>\n<li>V\u00fdrobn\u00ed d\u00e9lky: 5 m a 10 m<\/li>\n<\/ul>\n","protected":false},"featured_media":89220,"comment_status":"open","ping_status":"closed","template":"","meta":[],"product_brand":[],"product_cat":[2723,1384,2722,1383],"product_tag":[],"class_list":{"0":"post-92171","1":"product","2":"type-product","3":"status-publish","4":"has-post-thumbnail","6":"product_cat-hadice-pro-drevarsky-prumysl","7":"product_cat-hadice-pro-odsavani-pilin","8":"product_cat-polyuretanove-hadice-cs","9":"product_cat-prumyslove-hadice","10":"tm-has-options","12":"first","13":"instock","14":"taxable","15":"shipping-taxable","16":"purchasable","17":"product-type-variable","18":"has-default-attributes"},"_links":{"self":[{"href":"https:\/\/flexmaster.eu\/cs\/wp-json\/wp\/v2\/product\/92171","targetHints":{"allow":["GET"]}}],"collection":[{"href":"https:\/\/flexmaster.eu\/cs\/wp-json\/wp\/v2\/product"}],"about":[{"href":"https:\/\/flexmaster.eu\/cs\/wp-json\/wp\/v2\/types\/product"}],"replies":[{"embeddable":true,"href":"https:\/\/flexmaster.eu\/cs\/wp-json\/wp\/v2\/comments?post=92171"}],"wp:featuredmedia":[{"embeddable":true,"href":"https:\/\/flexmaster.eu\/cs\/wp-json\/wp\/v2\/media\/89220"}],"wp:attachment":[{"href":"https:\/\/flexmaster.eu\/cs\/wp-json\/wp\/v2\/media?parent=92171"}],"wp:term":[{"taxonomy":"product_brand","embeddable":true,"href":"https:\/\/flexmaster.eu\/cs\/wp-json\/wp\/v2\/product_brand?post=92171"},{"taxonomy":"product_cat","embeddable":true,"href":"https:\/\/flexmaster.eu\/cs\/wp-json\/wp\/v2\/product_cat?post=92171"},{"taxonomy":"product_tag","embeddable":true,"href":"https:\/\/flexmaster.eu\/cs\/wp-json\/wp\/v2\/product_tag?post=92171"}],"curies":[{"name":"wp","href":"https:\/\/api.w.org\/{rel}","templated":true}]}}