{"id":36941,"date":"2022-12-20T09:37:30","date_gmt":"2022-12-20T08:37:30","guid":{"rendered":"https:\/\/flexmaster.eu\/ueber-uns\/"},"modified":"2025-02-05T08:24:38","modified_gmt":"2025-02-05T07:24:38","slug":"ueber-uns","status":"publish","type":"page","link":"https:\/\/flexmaster.eu\/de\/ueber-uns\/","title":{"rendered":"\u00dcber uns"},"content":{"rendered":"<div class=\"wpb-content-wrapper\"><p>[vc_row type=&#8220;in_container&#8220; full_screen_row_position=&#8220;middle&#8220; scene_position=&#8220;center&#8220; text_color=&#8220;dark&#8220; text_align=&#8220;left&#8220; overlay_strength=&#8220;0.3&#8243; shape_divider_position=&#8220;bottom&#8220;][vc_column width=&#8220;1\/2&#8243; column_padding=&#8220;no-extra-padding&#8220; column_padding_position=&#8220;all&#8220; background_color_opacity=&#8220;1&#8243; background_hover_color_opacity=&#8220;1&#8243; column_shadow=&#8220;none&#8220; column_border_radius=&#8220;none&#8220; tablet_text_alignment=&#8220;default&#8220; phone_text_alignment=&#8220;default&#8220; column_border_width=&#8220;none&#8220; column_border_style=&#8220;solid&#8220;][vc_column_text woodmart_inline=&#8220;no&#8220; text_larger=&#8220;no&#8220;]Mastervent ist ein Online-Shop eines f\u00fchrenden Herstellers von technischen Schl\u00e4uchen und eines Herstellers von L\u00fcftungsinstallationskomponenten und Staubabsaugger\u00e4ten. Wir sind auch ein Distributor von Produkten vieler f\u00fchrender Hersteller von L\u00fcftungs- und Klimaanlagen.<\/p>\n<p>Unser Angebot umfasst Entstaubungs- und Filterger\u00e4te, die in verschiedenen Branchen eingesetzt werden, die dort eingesetzt werden, wo die Emission von Staub und Gasen an Arbeitspl\u00e4tzen eine echte Bedrohung f\u00fcr die Gesundheit und das Leben der Mitarbeiter darstellt. Wir bieten Filter- und L\u00fcftungsger\u00e4te zur Reinigung von Luft, die mit Trockenst\u00e4uben von weniger als 0,4 \u03bcm verunreinigt sind, \u00d6lnebelabscheider, Absaugger\u00e4te und Industriestaubsauger.<\/p>\n<p>Wir bieten auch Ventilatoren zum Transport von Sp\u00e4nen, S\u00e4gesp\u00e4nen und Granulaten sowie Ventilatoren zum Erzwingen hei\u00dfer und feuchter Luft, perfekt f\u00fcr Holztrockenr\u00e4ume. Dar\u00fcber hinaus bieten wir Ventilatoren f\u00fcr aggressive chemische Medien und Ventilatoren f\u00fcr explosionsgef\u00e4hrdete Bereiche gem\u00e4\u00df der ATEX-Richtlinie 94\/9\/EG an.<\/p>\n<p>Die Firma Mastervent bietet auch Dienstleistungen in der Beratung, Planung und Konstruktion kompletter L\u00fcftungssysteme f\u00fcr alle an, die sich f\u00fcr die Themen des Personenschutzes von Mitarbeitern, Maschinen und Ger\u00e4ten interessieren. Wir bieten Unterst\u00fctzung bei der Fertigstellung und Lieferung aller Elemente, die in laufenden oder geplanten Investitionen f\u00fcr typische sowie spezialisierte L\u00fcftungssysteme vorhanden sind.[\/vc_column_text][\/vc_column][vc_column width=&#8220;1\/2&#8243;][vc_video link=&#8220;https:\/\/youtu.be\/1UlkbrNJ6nY&#8220; css=&#8220;&#8220; image_poster_switch=&#8220;no&#8220; woodmart_css_id=&#8220;67a3122f891a3&#8243;][\/vc_column][\/vc_row]<\/p>\n<\/div>","protected":false},"excerpt":{"rendered":"<p>[vc_row type=&#8220;in_container&#8220; full_screen_row_position=&#8220;middle&#8220; scene_position=&#8220;center&#8220; text_color=&#8220;dark&#8220; text_align=&#8220;left&#8220; overlay_strength=&#8220;0.3&#8243; shape_divider_position=&#8220;bottom&#8220;][vc_column width=&#8220;1\/2&#8243; column_padding=&#8220;no-extra-padding&#8220; column_padding_position=&#8220;all&#8220; background_color_opacity=&#8220;1&#8243; background_hover_color_opacity=&#8220;1&#8243; column_shadow=&#8220;none&#8220; column_border_radius=&#8220;none&#8220; tablet_text_alignment=&#8220;default&#8220; phone_text_alignment=&#8220;default&#8220; column_border_width=&#8220;none&#8220; column_border_style=&#8220;solid&#8220;][vc_column_text woodmart_inline=&#8220;no&#8220;<\/p>\n","protected":false},"author":1,"featured_media":0,"parent":0,"menu_order":0,"comment_status":"open","ping_status":"open","template":"","meta":{"footnotes":""},"class_list":["post-36941","page","type-page","status-publish","hentry"],"_links":{"self":[{"href":"https:\/\/flexmaster.eu\/de\/wp-json\/wp\/v2\/pages\/36941","targetHints":{"allow":["GET"]}}],"collection":[{"href":"https:\/\/flexmaster.eu\/de\/wp-json\/wp\/v2\/pages"}],"about":[{"href":"https:\/\/flexmaster.eu\/de\/wp-json\/wp\/v2\/types\/page"}],"author":[{"embeddable":true,"href":"https:\/\/flexmaster.eu\/de\/wp-json\/wp\/v2\/users\/1"}],"replies":[{"embeddable":true,"href":"https:\/\/flexmaster.eu\/de\/wp-json\/wp\/v2\/comments?post=36941"}],"version-history":[{"count":0,"href":"https:\/\/flexmaster.eu\/de\/wp-json\/wp\/v2\/pages\/36941\/revisions"}],"wp:attachment":[{"href":"https:\/\/flexmaster.eu\/de\/wp-json\/wp\/v2\/media?parent=36941"}],"curies":[{"name":"wp","href":"https:\/\/api.w.org\/{rel}","templated":true}]}}