{"id":93696,"date":"2025-12-15T11:02:59","date_gmt":"2025-12-15T10:02:59","guid":{"rendered":"https:\/\/flexmaster.eu\/?page_id=93696"},"modified":"2025-12-15T12:21:17","modified_gmt":"2025-12-15T11:21:17","slug":"sitemap","status":"publish","type":"page","link":"https:\/\/flexmaster.eu\/de\/sitemap\/","title":{"rendered":"Sitemap"},"content":{"rendered":"<ul>\n<li><div class=\"wsp-container\"><\/div><\/li>\n<li><div class=\"wsp-container\"><h2 class=\"wsp-pages-title\">Seiten<\/h2>\n<ul class=\"wsp-pages-list\">\n<li class=\"page_item page-item-36278\"><a href=\"https:\/\/flexmaster.eu\/de\/cart\/\">Cart<\/a><\/li>\n<li class=\"page_item page-item-36287\"><a href=\"https:\/\/flexmaster.eu\/de\/checkout\/\">Checkout<\/a><\/li>\n<li class=\"page_item page-item-37063\"><a href=\"https:\/\/flexmaster.eu\/de\/datenschutz-bestimmungen\/\">Datenschutz-Bestimmungen<\/a><\/li>\n<li class=\"page_item page-item-37075\"><a href=\"https:\/\/flexmaster.eu\/de\/einkaufsbedingungen\/\">Einkaufsbedingungen<\/a><\/li>\n<li class=\"page_item page-item-24970\"><a href=\"https:\/\/flexmaster.eu\/de\/kontakt\/\">Kontakt<\/a><\/li>\n<li class=\"page_item page-item-24979\"><a href=\"https:\/\/flexmaster.eu\/de\/\">Mastervent<\/a><\/li>\n<li class=\"page_item page-item-36296\"><a href=\"https:\/\/flexmaster.eu\/de\/moje-konto\/\">Moje konto<\/a><\/li>\n<li class=\"page_item page-item-36292\"><a href=\"https:\/\/flexmaster.eu\/de\/shop-2\/\">Shop<\/a><\/li>\n<li class=\"page_item page-item-93696\"><a href=\"https:\/\/flexmaster.eu\/de\/sitemap\/\">Sitemap<\/a><\/li>\n<li class=\"page_item page-item-36941\"><a href=\"https:\/\/flexmaster.eu\/de\/ueber-uns\/\">\u00dcber uns<\/a><\/li>\n<\/ul>\n<\/div><\/li>\n<li><div class=\"wsp-container\"><\/div><\/li>\n<\/ul>\n<h3 id=\"tw-target-text\" class=\"tw-data-text tw-text-large tw-ta\" dir=\"ltr\" tabindex=\"-1\" role=\"text\" data-placeholder=\"T\u0142umaczenie\" data-ved=\"2ahUKEwiE4Lfnt7-RAxUSSPEDHZ7CFyIQ3ewLegQIDBAW\" aria-label=\"Przet\u0142umaczony tekst: Produkte\"><span class=\"Y2IQFc\" lang=\"de\">Produkte<\/span><\/h3>\n<ul>\n<li><a href=\"https:\/\/flexmaster.eu\/de\/produkt\/mastersan-sa10\/\">MASTERSAN SA10 \u2013 Antibakterieller Schlauch<\/a><\/li>\n<li class=\"wd-entities-title\"><a href=\"https:\/\/flexmaster.eu\/de\/produkt\/mastersan-sa10-therm\/\">MasterSan SA10 THERM<\/a><\/li>\n<li class=\"wd-entities-title\"><a href=\"https:\/\/flexmaster.eu\/de\/produkt\/vent-formflex\/\">Vent FormFlex<\/a><\/li>\n<li class=\"wd-entities-title\"><a href=\"https:\/\/flexmaster.eu\/de\/produkt\/vent-ps\/\">Vent PS<\/a><\/li>\n<li><a href=\"https:\/\/flexmaster.eu\/de\/produkt\/vent-pur-p140\/\">Vent PUR P140<\/a><\/li>\n<li><a href=\"https:\/\/flexmaster.eu\/de\/produkt\/vent-pur-p45\/\">Vent PUR P45<\/a><\/li>\n<li class=\"wd-entities-title\"><a href=\"https:\/\/flexmaster.eu\/de\/produkt\/vent-pur-p60\/\">Vent PUR P60<\/a><\/li>\n<li class=\"wd-entities-title\"><a href=\"https:\/\/flexmaster.eu\/de\/produkt\/vent-pur-p70\/\">VENT PUR P70 \u2013 Polyurethanschlauch<\/a><\/li>\n<li><a href=\"https:\/\/flexmaster.eu\/de\/produkt\/vent-pur-xl\/\">Vent PUR XL<\/a><\/li>\n<li class=\"wd-entities-title\"><a href=\"https:\/\/flexmaster.eu\/de\/produkt\/vent-pvc-flex\/\">Vent PVC FLEX<\/a><\/li>\n<li class=\"wd-entities-title\"><a href=\"https:\/\/flexmaster.eu\/de\/produkt\/vent-st-flex\/\">Vent ST FLEX<\/a><\/li>\n<li><a href=\"https:\/\/flexmaster.eu\/de\/produkt\/vent-vac-a-15\/\">Vent VAC A<\/a><\/li>\n<li><a href=\"https:\/\/flexmaster.eu\/de\/produkt\/vent-vac-a-20\/\">Vent VAC A 2<\/a><\/li>\n<li class=\"wd-entities-title\"><a href=\"https:\/\/flexmaster.eu\/de\/produkt\/vent-vac-ex\/\">Vent VAC EX<\/a><\/li>\n<li class=\"wd-entities-title\"><a href=\"https:\/\/flexmaster.eu\/de\/produkt\/vent-clip-pe\/\">Vent Clip PE<\/a><\/li>\n<li><a href=\"https:\/\/flexmaster.eu\/de\/produkt\/vent-clip-pur\/\">Vent Clip Pur<\/a><\/li>\n<li><a href=\"https:\/\/flexmaster.eu\/de\/produkt\/vent-clip-silicon\/\">Vent Clip Silicon<\/a><\/li>\n<li class=\"wd-entities-title\"><a href=\"https:\/\/flexmaster.eu\/de\/produkt\/vent-neo-1\/\">Vent Neo 1<\/a><\/li>\n<li><a href=\"https:\/\/flexmaster.eu\/de\/produkt\/vent-clip-iso-silicon\/\">Vent Clip ISO Silicon<\/a><\/li>\n<li><a href=\"https:\/\/flexmaster.eu\/de\/produkt\/vent-clip-viton\/\">Vent Clip Viton<\/a><\/li>\n<li class=\"wd-entities-title\"><a href=\"https:\/\/flexmaster.eu\/de\/produkt\/vent-neo-2\/\">Vent Neo 2<\/a><\/li>\n<li class=\"wd-entities-title\"><a href=\"https:\/\/flexmaster.eu\/de\/produkt\/vent-clip-ht-400\/\">Vent Clip HT 400<\/a><\/li>\n<li><a href=\"https:\/\/flexmaster.eu\/de\/produkt\/vent-clip-ptfe\/\">Vent Clip PTFE<\/a><\/li>\n<li><a href=\"https:\/\/flexmaster.eu\/de\/produkt\/vent-sil-1\/\">Vent Sil 1<\/a><\/li>\n<li class=\"wd-entities-title\"><a href=\"https:\/\/flexmaster.eu\/de\/produkt\/vent-clip-ht-450\/\">Vent Clip HT 450<\/a><\/li>\n<li><a href=\"https:\/\/flexmaster.eu\/de\/produkt\/vent-clip-ptfe-v\/\">Vent Clip PTFE V<\/a><\/li>\n<li class=\"wd-entities-title\"><a href=\"https:\/\/flexmaster.eu\/de\/produkt\/vent-sil-2\/\">Vent Sil 2<\/a><\/li>\n<li><a href=\"https:\/\/flexmaster.eu\/de\/produkt\/ventcar-200\/\">VentCar 200<\/a><\/li>\n<li><a href=\"https:\/\/flexmaster.eu\/de\/produkt\/vent-clip-ht-650\/\">Vent Clip HT 650<\/a><\/li>\n<li class=\"wd-entities-title\"><a href=\"https:\/\/flexmaster.eu\/de\/produkt\/vent-clip-ptfe-h\/\">Vent Clip PTFE H<\/a><\/li>\n<li class=\"wd-entities-title\"><a href=\"https:\/\/flexmaster.eu\/de\/produkt\/vent-clip-ptfe-s\/\">Vent Clip PTFE S<\/a><\/li>\n<li><a href=\"https:\/\/flexmaster.eu\/de\/produkt\/ventcar-300\/\">VentCar 300<\/a><\/li>\n<li class=\"wd-entities-title\"><a href=\"https:\/\/flexmaster.eu\/de\/produkt\/vent-clip-ht-1100\/\">Vent Clip HT 1100<\/a><\/li>\n<li class=\"wd-entities-title\"><a href=\"https:\/\/flexmaster.eu\/de\/produkt\/vent-clip-car\/\">Vent Clip Car<\/a><\/li>\n<li class=\"wd-entities-title\"><a href=\"https:\/\/flexmaster.eu\/de\/produkt\/vent-clip-vinyl-ex\/\">Vent Clip Vinyl EX<\/a><\/li>\n<li class=\"wd-entities-title\"><a href=\"https:\/\/flexmaster.eu\/de\/produkt\/vent-clip-iso-car\/\">Vent Clip ISO Car<\/a><\/li>\n<li class=\"wd-entities-title\"><a href=\"https:\/\/flexmaster.eu\/de\/produkt\/vent-clip-ptfe-v-ex\/\">Vent Clip PTFE V-EX<\/a><\/li>\n<li><a href=\"https:\/\/flexmaster.eu\/de\/produkt\/vent-clip-neopren\/\">Vent Clip Neopren<\/a><\/li>\n<li><a href=\"https:\/\/flexmaster.eu\/de\/produkt\/vent-clip-ps\/\">Vent Clip PS<\/a><\/li>\n<li><a href=\"https:\/\/flexmaster.eu\/de\/produkt\/vent-clip-ptfe-h-ex\/\">Vent Clip PTFE H-EX<\/a><\/li>\n<li><a href=\"https:\/\/flexmaster.eu\/de\/produkt\/vent-clip-hypalon\/\">Vent Clip Hypalon<\/a><\/li>\n<li><a href=\"https:\/\/flexmaster.eu\/de\/produkt\/vent-clip-ptfe-s-ex\/\">Vent Clip PTFE S-EX<\/a><\/li>\n<li><a href=\"https:\/\/flexmaster.eu\/de\/produkt\/vent-clip-spark\/\">Vent Clip Spark<\/a><\/li>\n<li class=\"wd-entities-title\"><a href=\"https:\/\/flexmaster.eu\/de\/produkt\/vent-clip-ptfe-ex\/\">Vent Clip PTFE EX<\/a><\/li>\n<li><a href=\"https:\/\/flexmaster.eu\/de\/produkt\/vent-clip-spark-xl\/\">Vent Clip Spark XL<\/a><\/li>\n<\/ul>\n<h3>Kategorien<\/h3>\n<ul>\n<li><a title=\"\" href=\"https:\/\/flexmaster.eu\/de\/katalog\/schlauche\/belueftungsschlaeuche\/\">Bel\u00fcftungsschl\u00e4uche<\/a><\/li>\n<li><a title=\"\" href=\"https:\/\/flexmaster.eu\/de\/katalog\/schlauche\/saegemehl-absaugschlaeuche\/\">S\u00e4gemehl-Absaugschl\u00e4uche<\/a><\/li>\n<li><a title=\"\" href=\"https:\/\/flexmaster.eu\/de\/katalog\/schlauche\/schlaeuche-extrem-abriebfest\/\">Schl\u00e4uche extrem abriebfest<\/a><\/li>\n<li><a title=\"\" href=\"https:\/\/flexmaster.eu\/de\/katalog\/schlauche\/permanent-antistatische-schlaeuche-und-ableitfaehige-schlaeuche\/\">Antistatische Schl\u00e4uche und ableitf\u00e4hige Schl\u00e4uche<\/a><\/li>\n<li><a title=\"\" href=\"https:\/\/flexmaster.eu\/de\/katalog\/schlauche\/heissluftschlauche\/\">Hei\u00dfluftschl\u00e4uche<\/a><\/li>\n<li><a title=\"\" href=\"https:\/\/flexmaster.eu\/de\/katalog\/schlauche\/abgasschlauche\/\">Abgasableitungsschl\u00e4uche<\/a><\/li>\n<li><a title=\"\" href=\"https:\/\/flexmaster.eu\/de\/katalog\/schlauche\/chemieschlaeuche\/\">Chemieschl\u00e4uche<\/a><\/li>\n<li><a title=\"\" href=\"https:\/\/flexmaster.eu\/de\/katalog\/schlauche\/staubsaugerschlauche\/\">Staubsaugerschl\u00e4uche<\/a><\/li>\n<li><a title=\"\" href=\"https:\/\/flexmaster.eu\/de\/katalog\/schlauchschellen\/\">Schlauchschellen<\/a><\/li>\n<li><a title=\"\" href=\"https:\/\/flexmaster.eu\/de\/katalog\/schlauche\/\">Schl\u00e4uche<\/a><\/li>\n<\/ul>\n","protected":false},"excerpt":{"rendered":"<p>Produkte MASTERSAN SA10 \u2013 Antibakterieller Schlauch MasterSan SA10 THERM Vent FormFlex Vent PS Vent PUR P140 Vent PUR P45 Vent<\/p>\n","protected":false},"author":1,"featured_media":0,"parent":0,"menu_order":0,"comment_status":"closed","ping_status":"closed","template":"","meta":{"footnotes":""},"class_list":["post-93696","page","type-page","status-publish","hentry"],"_links":{"self":[{"href":"https:\/\/flexmaster.eu\/de\/wp-json\/wp\/v2\/pages\/93696","targetHints":{"allow":["GET"]}}],"collection":[{"href":"https:\/\/flexmaster.eu\/de\/wp-json\/wp\/v2\/pages"}],"about":[{"href":"https:\/\/flexmaster.eu\/de\/wp-json\/wp\/v2\/types\/page"}],"author":[{"embeddable":true,"href":"https:\/\/flexmaster.eu\/de\/wp-json\/wp\/v2\/users\/1"}],"replies":[{"embeddable":true,"href":"https:\/\/flexmaster.eu\/de\/wp-json\/wp\/v2\/comments?post=93696"}],"version-history":[{"count":8,"href":"https:\/\/flexmaster.eu\/de\/wp-json\/wp\/v2\/pages\/93696\/revisions"}],"predecessor-version":[{"id":93705,"href":"https:\/\/flexmaster.eu\/de\/wp-json\/wp\/v2\/pages\/93696\/revisions\/93705"}],"wp:attachment":[{"href":"https:\/\/flexmaster.eu\/de\/wp-json\/wp\/v2\/media?parent=93696"}],"curies":[{"name":"wp","href":"https:\/\/api.w.org\/{rel}","templated":true}]}}