{"id":21877,"date":"2018-01-31T19:35:10","date_gmt":"2018-01-31T18:35:10","guid":{"rendered":"https:\/\/flexmaster.eu\/produkt\/master-sil-1\/"},"modified":"2026-01-07T16:18:33","modified_gmt":"2026-01-07T15:18:33","slug":"vent-sil-1","status":"publish","type":"product","link":"https:\/\/flexmaster.eu\/de\/produkt\/vent-sil-1\/","title":{"rendered":"VENT SIL 1 &#8211; Silikonschlauch"},"content":{"rendered":"","protected":false},"excerpt":{"rendered":"<h2><strong>Produktbeschreibung<\/strong><\/h2>\n<p>Hochwertiger Schlauch aus Glasfasergewebe, beschichtet mit Silikon. Verst\u00e4rkt mit einer Spirale aus Federstahl, die hervorragende mechanische Festigkeit und Flexibilit\u00e4t gew\u00e4hrleistet. Der Silikonschlauch ist leicht und daher ideal f\u00fcr anspruchsvolle industrielle Bedingungen geeignet.<\/p>\n<p>Der Silikonschlauch aus unserem Online-Shop ist \u00e4u\u00dferst flexibel. Sein Betriebstemperaturbereich liegt zwischen -70\u202f\u00b0C und +250\u202f\u00b0C, mit Spitzentemperaturen von -85\u202f\u00b0C bis +300\u202f\u00b0C. Das Produkt ist RoHS-konform und gew\u00e4hrleistet somit eine sichere Verwendung sowie die Einhaltung von Umweltstandards. Die elektrostatische Entladung erfolgt durch beidseitige Erdung der Spirale.<\/p>\n<h2><strong>Produktionsstandards<\/strong><\/h2>\n<ul>\n<li>DN 51 \u2013 DN 102<\/li>\n<li>Farbe: Orange<\/li>\n<li>Produktionsl\u00e4ngen: 4m<\/li>\n<\/ul>\n<h2><strong>Anwendung von Silikonschlauch<\/strong><\/h2>\n<ul>\n<li>Automobilindustrie und Fahrzeugindustrie<\/li>\n<li>Luft- und Raumfahrtindustrie<\/li>\n<li>Heizungs- und Klimaanlageninstallationen<\/li>\n<li>Hochleistungs-Industrianwendungen<\/li>\n<\/ul>\n","protected":false},"featured_media":89820,"comment_status":"closed","ping_status":"closed","template":"","meta":[],"product_brand":[2542],"product_cat":[559,590],"product_tag":[],"class_list":{"0":"post-21877","1":"product","2":"type-product","3":"status-publish","4":"has-post-thumbnail","6":"product_brand-sil","7":"product_cat-schlauche","8":"product_cat-heissluftschlauche","9":"product_shipping_class-exp-de","10":"tm-has-options","12":"first","13":"instock","14":"taxable","15":"shipping-taxable","16":"purchasable","17":"product-type-variable","18":"has-default-attributes"},"_links":{"self":[{"href":"https:\/\/flexmaster.eu\/de\/wp-json\/wp\/v2\/product\/21877","targetHints":{"allow":["GET"]}}],"collection":[{"href":"https:\/\/flexmaster.eu\/de\/wp-json\/wp\/v2\/product"}],"about":[{"href":"https:\/\/flexmaster.eu\/de\/wp-json\/wp\/v2\/types\/product"}],"replies":[{"embeddable":true,"href":"https:\/\/flexmaster.eu\/de\/wp-json\/wp\/v2\/comments?post=21877"}],"wp:featuredmedia":[{"embeddable":true,"href":"https:\/\/flexmaster.eu\/de\/wp-json\/wp\/v2\/media\/89820"}],"wp:attachment":[{"href":"https:\/\/flexmaster.eu\/de\/wp-json\/wp\/v2\/media?parent=21877"}],"wp:term":[{"taxonomy":"product_brand","embeddable":true,"href":"https:\/\/flexmaster.eu\/de\/wp-json\/wp\/v2\/product_brand?post=21877"},{"taxonomy":"product_cat","embeddable":true,"href":"https:\/\/flexmaster.eu\/de\/wp-json\/wp\/v2\/product_cat?post=21877"},{"taxonomy":"product_tag","embeddable":true,"href":"https:\/\/flexmaster.eu\/de\/wp-json\/wp\/v2\/product_tag?post=21877"}],"curies":[{"name":"wp","href":"https:\/\/api.w.org\/{rel}","templated":true}]}}