{"id":21964,"date":"2018-01-31T16:01:11","date_gmt":"2018-01-31T15:01:11","guid":{"rendered":"https:\/\/flexmaster.eu\/produkt\/master-neo-1\/"},"modified":"2026-01-07T16:23:25","modified_gmt":"2026-01-07T15:23:25","slug":"vent-neo-1","status":"publish","type":"product","link":"https:\/\/flexmaster.eu\/de\/produkt\/vent-neo-1\/","title":{"rendered":"VENT NEO 1 &#8211; Neoprenschlauch"},"content":{"rendered":"","protected":false},"excerpt":{"rendered":"<h2><strong>Produktbeschreibung<\/strong><\/h2>\n<p>Hochwertiger, flexibler Schlauch aus Glasfasergewebe, beschichtet mit schwarzem Neopren. Verst\u00e4rkt mit einer Spirale aus Federstahl f\u00fcr hervorragende mechanische Festigkeit. Der Schlauch ist leicht und daher ideal f\u00fcr anspruchsvolle industrielle Umgebungen geeignet.<\/p>\n<p>Der Schlauch aus unserem Online-Shop zeichnet sich durch hohe Flexibilit\u00e4t aus. Der Temperaturbest\u00e4ndigkeitsbereich liegt zwischen -70\u202f\u00b0C und +135\u202f\u00b0C, vor\u00fcbergehend bis +150\u202f\u00b0C. Das Produkt ist RoHS-konform und gew\u00e4hrleistet somit Anwendersicherheit sowie die Einhaltung von Umweltstandards. Die elektrostatische Entladung erfolgt durch Erdung der Spirale an beiden Enden.<\/p>\n<h2><strong>Produktionsstandards<\/strong><\/h2>\n<ul>\n<li>DN 51 \u2013 DN 102<\/li>\n<li>Farbe: Schwarz<\/li>\n<li>Produktionsl\u00e4ngen: 4m<\/li>\n<\/ul>\n<h2><strong>Anwendung von Neoprenschlauch<\/strong><\/h2>\n<ul>\n<li>Hei\u00dflufttransport in industriellen Anwendungen<\/li>\n<li>Automobilindustrie, Schiffe und Yachten<\/li>\n<\/ul>\n","protected":false},"featured_media":89794,"comment_status":"closed","ping_status":"closed","template":"","meta":[],"product_brand":[],"product_cat":[559,590],"product_tag":[],"class_list":{"0":"post-21964","1":"product","2":"type-product","3":"status-publish","4":"has-post-thumbnail","6":"product_cat-schlauche","7":"product_cat-heissluftschlauche","8":"product_shipping_class-exp-de","9":"tm-has-options","11":"first","12":"instock","13":"taxable","14":"shipping-taxable","15":"purchasable","16":"product-type-variable","17":"has-default-attributes"},"_links":{"self":[{"href":"https:\/\/flexmaster.eu\/de\/wp-json\/wp\/v2\/product\/21964","targetHints":{"allow":["GET"]}}],"collection":[{"href":"https:\/\/flexmaster.eu\/de\/wp-json\/wp\/v2\/product"}],"about":[{"href":"https:\/\/flexmaster.eu\/de\/wp-json\/wp\/v2\/types\/product"}],"replies":[{"embeddable":true,"href":"https:\/\/flexmaster.eu\/de\/wp-json\/wp\/v2\/comments?post=21964"}],"wp:featuredmedia":[{"embeddable":true,"href":"https:\/\/flexmaster.eu\/de\/wp-json\/wp\/v2\/media\/89794"}],"wp:attachment":[{"href":"https:\/\/flexmaster.eu\/de\/wp-json\/wp\/v2\/media?parent=21964"}],"wp:term":[{"taxonomy":"product_brand","embeddable":true,"href":"https:\/\/flexmaster.eu\/de\/wp-json\/wp\/v2\/product_brand?post=21964"},{"taxonomy":"product_cat","embeddable":true,"href":"https:\/\/flexmaster.eu\/de\/wp-json\/wp\/v2\/product_cat?post=21964"},{"taxonomy":"product_tag","embeddable":true,"href":"https:\/\/flexmaster.eu\/de\/wp-json\/wp\/v2\/product_tag?post=21964"}],"curies":[{"name":"wp","href":"https:\/\/api.w.org\/{rel}","templated":true}]}}