{"id":22619,"date":"2018-01-01T21:09:10","date_gmt":"2018-01-01T20:09:10","guid":{"rendered":"https:\/\/flexmaster.eu\/produkt\/master-clip-ht-450\/"},"modified":"2026-01-22T18:06:42","modified_gmt":"2026-01-22T17:06:42","slug":"vent-clip-ht-450","status":"publish","type":"product","link":"https:\/\/flexmaster.eu\/de\/produkt\/vent-clip-ht-450\/","title":{"rendered":"VENT CLIP HT 450 &#8211; Auspuffschlauch"},"content":{"rendered":"","protected":false},"excerpt":{"rendered":"<h2><strong>Produktbeschreibung<\/strong><\/h2>\n<p>Hochwertiger, flexibler, doppellagiger Abgasschlauch. Die innere Schicht besteht aus hitzebest\u00e4ndigem, impr\u00e4gniertem Glasfasergewebe, w\u00e4hrend die \u00e4u\u00dfere Schicht aus einem hitzebest\u00e4ndigen, mit Edelstahlfasern verst\u00e4rkten Gewebe gefertigt ist. Der Absaugschlauch ist f\u00fcr die Ableitung von Fahrzeugabgasen ausgelegt. Er ist mit einer Metallspirale verst\u00e4rkt, die eine hervorragende mechanische Festigkeit und Flexibilit\u00e4t gew\u00e4hrleistet. <strong>Der Absaugschlauch muss mit Frischluft beaufschlagt werden (mindestens 50\u202f%).<\/strong><\/p>\n<p>Der Abgasschlauch wird mit der CLIP\u2011Technologie hergestellt. Zudem ist er axial stauchbar und mechanisch widerstandsf\u00e4hig, wodurch er sich f\u00fcr anspruchsvolle industrielle Umgebungen eignet. Der Betriebstemperaturbereich liegt zwischen \u221220\u202f\u00b0C und +450\u202f\u00b0C, mit einer kurzzeitigen Temperaturbest\u00e4ndigkeit bis +500\u202f\u00b0C. Das Produkt entspricht der RoHS\u2011Richtlinie und gew\u00e4hrleistet somit Anwendersicherheit sowie die Einhaltung von Umweltstandards. Die elektrostatische Entladung erfolgt durch die beidseitige Erdung der Spirale.<\/p>\n<h2><strong>Produktionsstandards<\/strong><\/h2>\n<ul>\n<li>DN 50 \u2013 DN 900<\/li>\n<li>Farbe: Silber<\/li>\n<li>Produktionsl\u00e4ngen: von 3 m bis 10 m<\/li>\n<\/ul>\n<h2><strong>Anwendung von Auspuffschlauch<\/strong><\/h2>\n<ul>\n<li>Ableitung von Fahrzeugabgasen<\/li>\n<li>Industrielle Bel\u00fcftung<\/li>\n<li>Bestandteil von Abgasabsaugsystemen<\/li>\n<\/ul>\n","protected":false},"featured_media":89638,"comment_status":"closed","ping_status":"closed","template":"","meta":[],"product_brand":[],"product_cat":[563,586,2481,559],"product_tag":[],"class_list":{"0":"post-22619","1":"product","2":"type-product","3":"status-publish","4":"has-post-thumbnail","6":"product_cat-abgasschlauche","7":"product_cat-hochtemperaturschlauche","8":"product_cat-abgasschlaeuche","9":"product_cat-schlauche","10":"tm-has-options","12":"first","13":"instock","14":"taxable","15":"shipping-taxable","16":"purchasable","17":"product-type-variable","18":"has-default-attributes"},"_links":{"self":[{"href":"https:\/\/flexmaster.eu\/de\/wp-json\/wp\/v2\/product\/22619","targetHints":{"allow":["GET"]}}],"collection":[{"href":"https:\/\/flexmaster.eu\/de\/wp-json\/wp\/v2\/product"}],"about":[{"href":"https:\/\/flexmaster.eu\/de\/wp-json\/wp\/v2\/types\/product"}],"replies":[{"embeddable":true,"href":"https:\/\/flexmaster.eu\/de\/wp-json\/wp\/v2\/comments?post=22619"}],"wp:featuredmedia":[{"embeddable":true,"href":"https:\/\/flexmaster.eu\/de\/wp-json\/wp\/v2\/media\/89638"}],"wp:attachment":[{"href":"https:\/\/flexmaster.eu\/de\/wp-json\/wp\/v2\/media?parent=22619"}],"wp:term":[{"taxonomy":"product_brand","embeddable":true,"href":"https:\/\/flexmaster.eu\/de\/wp-json\/wp\/v2\/product_brand?post=22619"},{"taxonomy":"product_cat","embeddable":true,"href":"https:\/\/flexmaster.eu\/de\/wp-json\/wp\/v2\/product_cat?post=22619"},{"taxonomy":"product_tag","embeddable":true,"href":"https:\/\/flexmaster.eu\/de\/wp-json\/wp\/v2\/product_tag?post=22619"}],"curies":[{"name":"wp","href":"https:\/\/api.w.org\/{rel}","templated":true}]}}