{"id":22658,"date":"2018-01-01T20:38:36","date_gmt":"2018-01-01T19:38:36","guid":{"rendered":"https:\/\/flexmaster.eu\/produkt\/master-clip-ht-400\/"},"modified":"2026-01-27T21:19:20","modified_gmt":"2026-01-27T20:19:20","slug":"vent-clip-ht-400","status":"publish","type":"product","link":"https:\/\/flexmaster.eu\/de\/produkt\/vent-clip-ht-400\/","title":{"rendered":"VENT CLIP HT 400 &#8211; Auspuffschlauch"},"content":{"rendered":"","protected":false},"excerpt":{"rendered":"<h2><strong>Produktbeschreibung<\/strong><\/h2>\n<p>Hochwertiger, flexibler Abgasschlauch aus hitzebest\u00e4ndigem Gewebe, verst\u00e4rkt mit Edelstahlfasern, ausgelegt f\u00fcr die Absaugung sehr hei\u00dfer Luft. Er ist mit einer Metallspirale verst\u00e4rkt, die eine ausgezeichnete mechanische Festigkeit und Flexibilit\u00e4t gew\u00e4hrleistet. <strong>Der Absaugschlauch muss mit Frischluft betrieben werden (mindestens 50\u202f%).<\/strong><\/p>\n<p>Der Abgasschlauch wird mit der CLIP\u2011Technologie hergestellt. Zudem ist er axial komprimierbar, wodurch er sich f\u00fcr anspruchsvolle industrielle Bedingungen eignet. Der Betriebstemperaturbereich liegt zwischen -20\u202f\u00b0C und +400\u202f\u00b0C, mit kurzfristiger Best\u00e4ndigkeit bis +450\u202f\u00b0C. Das Produkt entspricht der RoHS\u2011Richtlinie und gew\u00e4hrleistet somit die Sicherheit der Anwender sowie die Einhaltung der Umweltstandards. Die elektrostatische Entladung erfolgt durch die Erdung der Spirale an beiden Enden.<\/p>\n<h2><strong>Produktionsstandards<\/strong><\/h2>\n<ul>\n<li>DN 45 \u2013 DN 900<\/li>\n<li>Farbe: Silber<\/li>\n<li>Produktionsl\u00e4ngen: von 3 m bis 10 m<\/li>\n<\/ul>\n<h2><strong>Anwendung von Auspuffschlauch<\/strong><\/h2>\n<ul>\n<li>Hei\u00dfluft in Absaugger\u00e4ten<\/li>\n<li>Industrielle Bel\u00fcftung<\/li>\n<\/ul>\n","protected":false},"featured_media":89625,"comment_status":"closed","ping_status":"closed","template":"","meta":[],"product_brand":[],"product_cat":[586,559,590],"product_tag":[],"class_list":{"0":"post-22658","1":"product","2":"type-product","3":"status-publish","4":"has-post-thumbnail","6":"product_cat-hochtemperaturschlauche","7":"product_cat-schlauche","8":"product_cat-heissluftschlauche","9":"tm-has-options","11":"first","12":"instock","13":"taxable","14":"shipping-taxable","15":"purchasable","16":"product-type-variable","17":"has-default-attributes"},"_links":{"self":[{"href":"https:\/\/flexmaster.eu\/de\/wp-json\/wp\/v2\/product\/22658","targetHints":{"allow":["GET"]}}],"collection":[{"href":"https:\/\/flexmaster.eu\/de\/wp-json\/wp\/v2\/product"}],"about":[{"href":"https:\/\/flexmaster.eu\/de\/wp-json\/wp\/v2\/types\/product"}],"replies":[{"embeddable":true,"href":"https:\/\/flexmaster.eu\/de\/wp-json\/wp\/v2\/comments?post=22658"}],"wp:featuredmedia":[{"embeddable":true,"href":"https:\/\/flexmaster.eu\/de\/wp-json\/wp\/v2\/media\/89625"}],"wp:attachment":[{"href":"https:\/\/flexmaster.eu\/de\/wp-json\/wp\/v2\/media?parent=22658"}],"wp:term":[{"taxonomy":"product_brand","embeddable":true,"href":"https:\/\/flexmaster.eu\/de\/wp-json\/wp\/v2\/product_brand?post=22658"},{"taxonomy":"product_cat","embeddable":true,"href":"https:\/\/flexmaster.eu\/de\/wp-json\/wp\/v2\/product_cat?post=22658"},{"taxonomy":"product_tag","embeddable":true,"href":"https:\/\/flexmaster.eu\/de\/wp-json\/wp\/v2\/product_tag?post=22658"}],"curies":[{"name":"wp","href":"https:\/\/api.w.org\/{rel}","templated":true}]}}