{"id":22813,"date":"2017-12-29T22:59:14","date_gmt":"2017-12-29T21:59:14","guid":{"rendered":"https:\/\/flexmaster.eu\/produkt\/carflex-200\/"},"modified":"2026-01-14T16:56:23","modified_gmt":"2026-01-14T15:56:23","slug":"ventcar-200","status":"publish","type":"product","link":"https:\/\/flexmaster.eu\/de\/produkt\/ventcar-200\/","title":{"rendered":"VENTCAR 200 &#8211; Auspuffschlauch"},"content":{"rendered":"","protected":false},"excerpt":{"rendered":"<h2><strong>Produktbeschreibung<\/strong><\/h2>\n<p>Hochwertiger flexibler Absaugschlauch aus Polyestergewebe, beidseitig mit Neopren beschichtet, entwickelt f\u00fcr die Abgasabsaugung von Pkw-Motoren. Verst\u00e4rkt mit einer Metallspirale und einem Kunststoffschutz f\u00fcr hervorragende mechanische Festigkeit und Schutz. <strong>Der Abgasabsaugschlauch muss mit Frischluft versorgt werden (mindestens 50\u202f%).<\/strong><\/p>\n<p>Der Absaugschlauch wird mit CLIP-Technologie hergestellt. Zus\u00e4tzlich ist er axial stauchbar und hochflexibel, wodurch er sich f\u00fcr anspruchsvolle industrielle Umgebungen eignet. Betriebstemperaturbereich: -35\u202f\u00b0C bis +200\u202f\u00b0C. Das Produkt entspricht der RoHS-Richtlinie und gew\u00e4hrleistet somit Anwendersicherheit sowie die Einhaltung von Umweltstandards. Die elektrostatische Entladung erfolgt durch beidseitige Erdung der Spirale.<\/p>\n<h2><strong>Produktionsstandards<\/strong><\/h2>\n<ul>\n<li>DN 63 \u2013 DN 450<\/li>\n<li>Farbe: Au\u00dfen: Blauschwarz, innen: Schwarz<\/li>\n<li>Produktionsl\u00e4ngen: von 3 m bis 10 m<\/li>\n<\/ul>\n<h2><strong>Anwendung von Auspuffschlauch<\/strong><\/h2>\n<ul>\n<li>Kfz-Werkst\u00e4tten<\/li>\n<li>Pr\u00fcfstationen<\/li>\n<li>Autorisierte Servicezentren<\/li>\n<li>Produktionshallen, in denen eine Abgasabsaugung erforderlich ist<\/li>\n<\/ul>\n","protected":false},"featured_media":89573,"comment_status":"closed","ping_status":"closed","template":"","meta":[],"product_brand":[],"product_cat":[563,559],"product_tag":[],"class_list":{"0":"post-22813","1":"product","2":"type-product","3":"status-publish","4":"has-post-thumbnail","6":"product_cat-abgasschlauche","7":"product_cat-schlauche","8":"tm-has-options","10":"first","11":"instock","12":"taxable","13":"shipping-taxable","14":"purchasable","15":"product-type-variable","16":"has-default-attributes"},"_links":{"self":[{"href":"https:\/\/flexmaster.eu\/de\/wp-json\/wp\/v2\/product\/22813","targetHints":{"allow":["GET"]}}],"collection":[{"href":"https:\/\/flexmaster.eu\/de\/wp-json\/wp\/v2\/product"}],"about":[{"href":"https:\/\/flexmaster.eu\/de\/wp-json\/wp\/v2\/types\/product"}],"replies":[{"embeddable":true,"href":"https:\/\/flexmaster.eu\/de\/wp-json\/wp\/v2\/comments?post=22813"}],"wp:featuredmedia":[{"embeddable":true,"href":"https:\/\/flexmaster.eu\/de\/wp-json\/wp\/v2\/media\/89573"}],"wp:attachment":[{"href":"https:\/\/flexmaster.eu\/de\/wp-json\/wp\/v2\/media?parent=22813"}],"wp:term":[{"taxonomy":"product_brand","embeddable":true,"href":"https:\/\/flexmaster.eu\/de\/wp-json\/wp\/v2\/product_brand?post=22813"},{"taxonomy":"product_cat","embeddable":true,"href":"https:\/\/flexmaster.eu\/de\/wp-json\/wp\/v2\/product_cat?post=22813"},{"taxonomy":"product_tag","embeddable":true,"href":"https:\/\/flexmaster.eu\/de\/wp-json\/wp\/v2\/product_tag?post=22813"}],"curies":[{"name":"wp","href":"https:\/\/api.w.org\/{rel}","templated":true}]}}