{"id":23160,"date":"2017-12-29T06:55:58","date_gmt":"2017-12-29T05:55:58","guid":{"rendered":"https:\/\/flexmaster.eu\/produkt\/master-clip-pe\/"},"modified":"2026-01-19T16:42:11","modified_gmt":"2026-01-19T15:42:11","slug":"vent-clip-pe","status":"publish","type":"product","link":"https:\/\/flexmaster.eu\/de\/produkt\/vent-clip-pe\/","title":{"rendered":"VENT CLIP PE &#8211; Chemikalienschlauch"},"content":{"rendered":"","protected":false},"excerpt":{"rendered":"<h2><strong>Produktbeschreibung<\/strong><\/h2>\n<p>Hochwertiger, flexibler und chemikalienbest\u00e4ndiger Schlauch aus beidseitig mit Polyethylen beschichtetem Polyethylengewebe, entwickelt f\u00fcr Luftventilation und Klimatisierung. Verst\u00e4rkt mit einer Metallsprialle, die eine hervorragende mechanische Festigkeit und Flexibilit\u00e4t gew\u00e4hrleistet.<\/p>\n<p>Der industrielle Chemieschlauch wird mittels CLIP\u2011Technologie hergestellt. Zudem ist er axial komprimierbar und gem\u00e4\u00df der Mastervent\u00ae\u2011Chemikalienbest\u00e4ndigkeitstabelle chemikalienresistent, wodurch er sich f\u00fcr anspruchsvolle industrielle Bedingungen eignet. Der Temperaturbest\u00e4ndigkeitsbereich liegt zwischen \u201340\u202f\u00b0C und +85\u202f\u00b0C, mit kurzzeitiger Best\u00e4ndigkeit bis +95\u202f\u00b0C. Das Produkt entspricht der RoHS\u2011Richtlinie und gew\u00e4hrleistet damit sowohl Benutzersicherheit als auch die Einhaltung von Umweltstandards. Die elektrostatische Ableitung erfolgt durch Erdung der Spirale an beiden Enden.<\/p>\n<h2><strong>Produktionsstandards<\/strong><\/h2>\n<ul>\n<li>DN 45 \u2013 DN 900<\/li>\n<li>Farbe: Transparent<\/li>\n<li>Produktionsl\u00e4ngen: von 3 m bis 10 m<\/li>\n<\/ul>\n<h2><strong>Anwendung von Chemikalienschlauch<\/strong><\/h2>\n<ul>\n<li>Luftventilation und Klimatisierung<\/li>\n<li>Absaugung und F\u00f6rderung von chemischen Substanzen<\/li>\n<li>Absaugger\u00e4te in Abzugshauben<\/li>\n<li>Chemische Industrie<\/li>\n<\/ul>\n","protected":false},"featured_media":89469,"comment_status":"closed","ping_status":"closed","template":"","meta":[],"product_brand":[],"product_cat":[562,559],"product_tag":[],"class_list":{"0":"post-23160","1":"product","2":"type-product","3":"status-publish","4":"has-post-thumbnail","6":"product_cat-chemieschlaeuche","7":"product_cat-schlauche","8":"tm-has-options","10":"first","11":"instock","12":"taxable","13":"shipping-taxable","14":"purchasable","15":"product-type-variable","16":"has-default-attributes"},"_links":{"self":[{"href":"https:\/\/flexmaster.eu\/de\/wp-json\/wp\/v2\/product\/23160","targetHints":{"allow":["GET"]}}],"collection":[{"href":"https:\/\/flexmaster.eu\/de\/wp-json\/wp\/v2\/product"}],"about":[{"href":"https:\/\/flexmaster.eu\/de\/wp-json\/wp\/v2\/types\/product"}],"replies":[{"embeddable":true,"href":"https:\/\/flexmaster.eu\/de\/wp-json\/wp\/v2\/comments?post=23160"}],"wp:featuredmedia":[{"embeddable":true,"href":"https:\/\/flexmaster.eu\/de\/wp-json\/wp\/v2\/media\/89469"}],"wp:attachment":[{"href":"https:\/\/flexmaster.eu\/de\/wp-json\/wp\/v2\/media?parent=23160"}],"wp:term":[{"taxonomy":"product_brand","embeddable":true,"href":"https:\/\/flexmaster.eu\/de\/wp-json\/wp\/v2\/product_brand?post=23160"},{"taxonomy":"product_cat","embeddable":true,"href":"https:\/\/flexmaster.eu\/de\/wp-json\/wp\/v2\/product_cat?post=23160"},{"taxonomy":"product_tag","embeddable":true,"href":"https:\/\/flexmaster.eu\/de\/wp-json\/wp\/v2\/product_tag?post=23160"}],"curies":[{"name":"wp","href":"https:\/\/api.w.org\/{rel}","templated":true}]}}