{"id":91127,"date":"2025-03-10T08:05:41","date_gmt":"2025-03-10T07:05:41","guid":{"rendered":"https:\/\/flexmaster.eu\/produkt\/vent-formflex\/"},"modified":"2026-01-29T15:18:28","modified_gmt":"2026-01-29T14:18:28","slug":"vent-formflex","status":"publish","type":"product","link":"https:\/\/flexmaster.eu\/de\/produkt\/vent-formflex\/","title":{"rendered":"VENT FORMFLEX &#8211; Bel\u00fcftungsschlauch"},"content":{"rendered":"","protected":false},"excerpt":{"rendered":"<h2><strong>Produktbeschreibung<\/strong><\/h2>\n<p>L\u00fcftungsschlauch mit einstellbarem Durchmesser aus strapazierf\u00e4higem PVC, mit spiralf\u00f6rmigem Design, das eine pr\u00e4zise Durchmesseranpassung erm\u00f6glicht und hervorragende mechanische Festigkeit sowie Flexibilit\u00e4t bietet. Die Schlauchspirale kann im Uhrzeigersinn gedreht werden, um den Schlauchdurchmesser zu vergr\u00f6\u00dfern, oder gegen den Uhrzeigersinn, um ihn zu verkleinern.<\/p>\n<p>Der L\u00fcftungsschlauch verf\u00fcgt \u00fcber einen <strong>Formged\u00e4chtnis-Effekt<\/strong> und eignet sich daher f\u00fcr anspruchsvolle industrielle Bedingungen. Betriebstemperaturbereich: -20\u202f\u00b0C bis +80\u202f\u00b0C. Das Produkt entspricht der RoHS-Richtlinie und gew\u00e4hrleistet somit Anwendersicherheit sowie die Einhaltung von Umweltstandards.<\/p>\n<h2><strong>Produktionsstandards<\/strong><\/h2>\n<ul>\n<li>DN 32 \u2013 DN 200<\/li>\n<li>Farbe: Grau<\/li>\n<li>Produktionsl\u00e4ngen: 5m<\/li>\n<\/ul>\n<h2><strong>Anwendung von Bel\u00fcftungsschlauch<\/strong><\/h2>\n<ul>\n<li>Absaugung von Schwei\u00dfrauch<\/li>\n<li>Absaugung von L\u00f6trauch<\/li>\n<li>Gewerbliche Werkst\u00e4tten und Produktionslinien<\/li>\n<li>Industrielle Luftventilationssysteme<\/li>\n<\/ul>\n","protected":false},"featured_media":88490,"comment_status":"open","ping_status":"closed","template":"","meta":[],"product_brand":[],"product_cat":[573,559,2622],"product_tag":[],"class_list":{"0":"post-91127","1":"product","2":"type-product","3":"status-publish","4":"has-post-thumbnail","6":"product_cat-belueftungsschlaeuche","7":"product_cat-schlauche","8":"product_cat-schlauche-zur-beluftung-und-schweisrauchabsaugung","9":"tm-has-options","11":"first","12":"instock","13":"taxable","14":"shipping-taxable","15":"purchasable","16":"product-type-variable","17":"has-default-attributes"},"_links":{"self":[{"href":"https:\/\/flexmaster.eu\/de\/wp-json\/wp\/v2\/product\/91127","targetHints":{"allow":["GET"]}}],"collection":[{"href":"https:\/\/flexmaster.eu\/de\/wp-json\/wp\/v2\/product"}],"about":[{"href":"https:\/\/flexmaster.eu\/de\/wp-json\/wp\/v2\/types\/product"}],"replies":[{"embeddable":true,"href":"https:\/\/flexmaster.eu\/de\/wp-json\/wp\/v2\/comments?post=91127"}],"wp:featuredmedia":[{"embeddable":true,"href":"https:\/\/flexmaster.eu\/de\/wp-json\/wp\/v2\/media\/88490"}],"wp:attachment":[{"href":"https:\/\/flexmaster.eu\/de\/wp-json\/wp\/v2\/media?parent=91127"}],"wp:term":[{"taxonomy":"product_brand","embeddable":true,"href":"https:\/\/flexmaster.eu\/de\/wp-json\/wp\/v2\/product_brand?post=91127"},{"taxonomy":"product_cat","embeddable":true,"href":"https:\/\/flexmaster.eu\/de\/wp-json\/wp\/v2\/product_cat?post=91127"},{"taxonomy":"product_tag","embeddable":true,"href":"https:\/\/flexmaster.eu\/de\/wp-json\/wp\/v2\/product_tag?post=91127"}],"curies":[{"name":"wp","href":"https:\/\/api.w.org\/{rel}","templated":true}]}}