{"id":50886,"date":"2024-01-03T08:21:15","date_gmt":"2024-01-03T07:21:15","guid":{"rendered":"https:\/\/flexmaster.eu\/sobre-nosotros\/"},"modified":"2025-02-05T08:26:52","modified_gmt":"2025-02-05T07:26:52","slug":"sobre-nosotros","status":"publish","type":"page","link":"https:\/\/flexmaster.eu\/es\/sobre-nosotros\/","title":{"rendered":"Sobre nosotros"},"content":{"rendered":"<div class=\"wpb-content-wrapper\"><p>[vc_row type=\u00bbin_container\u00bb full_screen_row_position=\u00bbmiddle\u00bb scene_position=\u00bbcenter\u00bb text_color=\u00bbdark\u00bb text_align=\u00bbleft\u00bb overlay_strength=\u00bb0.3&#8243; shape_divider_position=\u00bbbottom\u00bb][vc_column width=\u00bb1\/2&#8243; column_padding=\u00bbno-extra-padding\u00bb column_padding_position=\u00bball\u00bb background_color_opacity=\u00bb1&#8243; background_hover_color_opacity=\u00bb1&#8243; column_shadow=\u00bbnone\u00bb column_border_radius=\u00bbnone\u00bb tablet_text_alignment=\u00bbdefault\u00bb phone_text_alignment=\u00bbdefault\u00bb column_border_width=\u00bbnone\u00bb column_border_style=\u00bbsolid\u00bb][vc_column_text woodmart_inline=\u00bbno\u00bb text_larger=\u00bbno\u00bb]Mastervent es una tienda online de un fabricante l\u00edder de mangueras t\u00e9cnicas y fabricante de elementos de instalaci\u00f3n de ventilaci\u00f3n y dispositivos de extracci\u00f3n de polvo. Tambi\u00e9n somos distribuidores de productos de muchos fabricantes l\u00edderes de equipos de ventilaci\u00f3n y aire acondicionado.<\/p>\n<p>Nuestra oferta incluye dispositivos de filtrado y eliminaci\u00f3n de polvo utilizados en diversas industrias, que se utilizan donde las emisiones de polvo y gases en los lugares de trabajo representan una amenaza real para la salud y la vida de los empleados. Ofrecemos dispositivos de filtrado y ventilaci\u00f3n dise\u00f1ados para purificar el aire contaminado con polvo seco con un tama\u00f1o inferior a 0,4 \u03bcm, separadores de neblina de aceite, extractores de gases de escape y aspiradoras industriales.<\/p>\n<p>Nuestra oferta tambi\u00e9n incluye ventiladores para transportar astillas, serr\u00edn y granulados, as\u00ed como ventiladores para bombear aire caliente y h\u00famedo, perfectos para secadores de madera. Adem\u00e1s, ofrecemos ventiladores para medios qu\u00edmicos agresivos y ventiladores para atm\u00f3sferas potencialmente explosivas, que cumplen con la Directiva ATEX 94\/9\/CE.<\/p>\n<p>Mastervent tambi\u00e9n brinda servicios de consultor\u00eda, dise\u00f1o e implementaci\u00f3n de sistemas completos de ventilaci\u00f3n para todos aquellos interesados \u200b\u200ben los temas de protecci\u00f3n personal de empleados, m\u00e1quinas y dispositivos. Brindamos asistencia en el montaje y entrega de todos los elementos incluidos en las inversiones en curso o planificadas para sistemas de ventilaci\u00f3n t\u00edpicos y especializados.[\/vc_column_text][\/vc_column][vc_column width=\u00bb1\/2&#8243;][vc_video link=\u00bbhttps:\/\/youtu.be\/1UlkbrNJ6nY\u00bb css=\u00bb\u00bb image_poster_switch=\u00bbno\u00bb woodmart_css_id=\u00bb67a312b62f1be\u00bb][\/vc_column][\/vc_row]<\/p>\n<\/div>","protected":false},"excerpt":{"rendered":"<p>[vc_row type=\u00bbin_container\u00bb full_screen_row_position=\u00bbmiddle\u00bb scene_position=\u00bbcenter\u00bb text_color=\u00bbdark\u00bb text_align=\u00bbleft\u00bb overlay_strength=\u00bb0.3&#8243; shape_divider_position=\u00bbbottom\u00bb][vc_column width=\u00bb1\/2&#8243; column_padding=\u00bbno-extra-padding\u00bb column_padding_position=\u00bball\u00bb background_color_opacity=\u00bb1&#8243; background_hover_color_opacity=\u00bb1&#8243; column_shadow=\u00bbnone\u00bb column_border_radius=\u00bbnone\u00bb tablet_text_alignment=\u00bbdefault\u00bb phone_text_alignment=\u00bbdefault\u00bb column_border_width=\u00bbnone\u00bb column_border_style=\u00bbsolid\u00bb][vc_column_text woodmart_inline=\u00bbno\u00bb<\/p>\n","protected":false},"author":1,"featured_media":0,"parent":0,"menu_order":0,"comment_status":"open","ping_status":"open","template":"","meta":{"footnotes":""},"class_list":["post-50886","page","type-page","status-publish","hentry"],"_links":{"self":[{"href":"https:\/\/flexmaster.eu\/es\/wp-json\/wp\/v2\/pages\/50886","targetHints":{"allow":["GET"]}}],"collection":[{"href":"https:\/\/flexmaster.eu\/es\/wp-json\/wp\/v2\/pages"}],"about":[{"href":"https:\/\/flexmaster.eu\/es\/wp-json\/wp\/v2\/types\/page"}],"author":[{"embeddable":true,"href":"https:\/\/flexmaster.eu\/es\/wp-json\/wp\/v2\/users\/1"}],"replies":[{"embeddable":true,"href":"https:\/\/flexmaster.eu\/es\/wp-json\/wp\/v2\/comments?post=50886"}],"version-history":[{"count":0,"href":"https:\/\/flexmaster.eu\/es\/wp-json\/wp\/v2\/pages\/50886\/revisions"}],"wp:attachment":[{"href":"https:\/\/flexmaster.eu\/es\/wp-json\/wp\/v2\/media?parent=50886"}],"curies":[{"name":"wp","href":"https:\/\/api.w.org\/{rel}","templated":true}]}}