{"id":28621,"date":"2018-01-01T22:23:20","date_gmt":"2018-01-01T21:23:20","guid":{"rendered":"https:\/\/flexmaster.eu\/produkt\/vent-clip-ht-650\/"},"modified":"2025-06-12T20:02:57","modified_gmt":"2025-06-12T18:02:57","slug":"vent-clip-ht-650","status":"publish","type":"product","link":"https:\/\/flexmaster.eu\/fr\/produkt\/vent-clip-ht-650\/","title":{"rendered":"Vent Clip HT 650"},"content":{"rendered":"","protected":false},"excerpt":{"rendered":"<p>Vent Clip HT 650 est un tuyau adapt\u00e9 au travail dans des temp\u00e9ratures de -20\u00b0C \u00e0 + 650\u00b0C (temporairement jusqu&rsquo;\u00e0 + 750\u00b0C) &#8211;<strong>Le tuyau doit \u00eatre aliment\u00e9 en air frais en quantit\u00e9 suffisante (min. 50%).<\/strong> Le tuyau ne contient pas de silicones et est est alors ignifuge. De l\u2019ext\u00e9rieur et de l\u2019int\u00e9rieur, il est recouvert d\u2019un tissu haute temp\u00e9rature, enduit de stabilisateurs de temp\u00e9rature sp\u00e9ciaux et renforc\u00e9 avec des fibres en acier inoxydable. Une spirale ext\u00e9rieure en acier a \u00e9t\u00e9 utilis\u00e9e dans la structure du tuyau pour le prot\u00e9ger des chocs m\u00e9caniques et des vibrations. Le produit est utilis\u00e9 dans les syst\u00e8mes d\u2019extraction et les apparels d\u2019aspiration. Il est le plus souvent utilis\u00e9 dans les industries automobile, a\u00e9ronautique, navale et sid\u00e9rurgique.<\/p>\n<h6 style=\"color: #0061af;\">Normes de fabrication<\/h6>\n<ul>\n<li>DN 50 \u2013 DN 900<\/li>\n<li>Couleur : argent<\/li>\n<li>Longueurs en stock : de 3m \u00e0 10m<\/li>\n<\/ul>\n","protected":false},"featured_media":89650,"comment_status":"closed","ping_status":"closed","template":"","meta":[],"product_brand":[],"product_cat":[819,813,815],"product_tag":[],"class_list":{"0":"post-28621","1":"product","2":"type-product","3":"status-publish","4":"has-post-thumbnail","6":"product_cat-tuyaux-de-gaz-dechappement","7":"product_cat-tuyaux-industriels","8":"product_cat-tuyaux-resistants-a-la-temperature","9":"tm-has-options","11":"first","12":"instock","13":"taxable","14":"shipping-taxable","15":"purchasable","16":"product-type-variable","17":"has-default-attributes"},"_links":{"self":[{"href":"https:\/\/flexmaster.eu\/fr\/wp-json\/wp\/v2\/product\/28621","targetHints":{"allow":["GET"]}}],"collection":[{"href":"https:\/\/flexmaster.eu\/fr\/wp-json\/wp\/v2\/product"}],"about":[{"href":"https:\/\/flexmaster.eu\/fr\/wp-json\/wp\/v2\/types\/product"}],"replies":[{"embeddable":true,"href":"https:\/\/flexmaster.eu\/fr\/wp-json\/wp\/v2\/comments?post=28621"}],"wp:featuredmedia":[{"embeddable":true,"href":"https:\/\/flexmaster.eu\/fr\/wp-json\/wp\/v2\/media\/89650"}],"wp:attachment":[{"href":"https:\/\/flexmaster.eu\/fr\/wp-json\/wp\/v2\/media?parent=28621"}],"wp:term":[{"taxonomy":"product_brand","embeddable":true,"href":"https:\/\/flexmaster.eu\/fr\/wp-json\/wp\/v2\/product_brand?post=28621"},{"taxonomy":"product_cat","embeddable":true,"href":"https:\/\/flexmaster.eu\/fr\/wp-json\/wp\/v2\/product_cat?post=28621"},{"taxonomy":"product_tag","embeddable":true,"href":"https:\/\/flexmaster.eu\/fr\/wp-json\/wp\/v2\/product_tag?post=28621"}],"curies":[{"name":"wp","href":"https:\/\/api.w.org\/{rel}","templated":true}]}}