{"id":64586,"date":"2024-01-04T09:23:16","date_gmt":"2024-01-04T08:23:16","guid":{"rendered":"https:\/\/flexmaster.eu\/personvernerklaering\/"},"modified":"2024-01-04T11:37:45","modified_gmt":"2024-01-04T10:37:45","slug":"personvernerklaering","status":"publish","type":"page","link":"https:\/\/flexmaster.eu\/no\/personvernerklaering\/","title":{"rendered":"Personvernerkl\u00e6ring"},"content":{"rendered":"<div class=\"wpb-content-wrapper\"><p>[vc_row type=&raquo;full_width_background&raquo; full_screen_row_position=&raquo;middle&raquo; scene_position=&raquo;bottom&raquo; mouse_sensitivity=&raquo;12&#8243; layer_one_image=&raquo;7727&#8243; layer_one_strength=&raquo;1&#8243; text_color=&raquo;dark&raquo; text_align=&raquo;left&raquo; top_padding=&raquo;3%&raquo; overlay_strength=&raquo;0.3&#8243; shape_divider_position=&raquo;bottom&raquo; shape_divider_height=&raquo;200&#8243; shape_type=&raquo;speech&raquo;][vc_column column_padding=&raquo;no-extra-padding&raquo; column_padding_position=&raquo;all&raquo; background_color_opacity=&raquo;1&#8243; background_hover_color_opacity=&raquo;1&#8243; column_shadow=&raquo;none&raquo; column_border_radius=&raquo;none&raquo; bottom_margin=&raquo;-6%&raquo; width=&raquo;1\/1&#8243; tablet_text_alignment=&raquo;default&raquo; phone_text_alignment=&raquo;default&raquo; column_border_width=&raquo;none&raquo; column_border_style=&raquo;solid&raquo;][vc_row_inner column_margin=&raquo;default&raquo; text_align=&raquo;left&raquo;][vc_column_inner column_padding=&raquo;no-extra-padding&raquo; column_padding_position=&raquo;all&raquo; background_color_opacity=&raquo;1&#8243; background_hover_color_opacity=&raquo;1&#8243; column_shadow=&raquo;none&raquo; column_border_radius=&raquo;none&raquo; width=&raquo;1\/1&#8243; column_border_width=&raquo;none&raquo; column_border_style=&raquo;solid&raquo;][vc_column_text]<\/p>\n<h3 style=\"text-align: center;\">Polityka prywatno\u015bci sklepu internetowego<\/h3>\n<h2 style=\"text-align: center;\">\u201eFLEXMASTER\u201d<\/h2>\n<h4 style=\"text-align: center;\">\u00a71 Postanowienia og\u00f3lne<\/h4>\n<ol>\n<li>Niniejszy dokument stanowi\u0105cy za\u0142\u0105cznik do regulaminu Sklepu internetowego dzia\u0142aj\u0105cego pod domen\u0105 https:\/\/flexmaster.eu okre\u015bla zasady przetwarzania i ochrony danych osobowych Klient\u00f3w oraz zasady stosowania plik\u00f3w \u201eCookies\u201d.<\/li>\n<li>Administratorem danych osobowych Klient\u00f3w w rozumieniu Ustawy z dnia 29 sierpnia 1997 r. o\u00a0ochronie danych osobowych jest Sprzedawca tj. Mastervent Sp. z o.o., z siedzib\u0105 w P\u0142ocku, przy ul. D\u0142ugiej 51, 09-400 P\u0142ock, wpisana do Rejestru Przedsi\u0119biorc\u00f3w prowadzonego przez S\u0105d Rejonowy dla \u0141odzi \u015ar\u00f3dmie\u015bcia w \u0141odzi, XX Wydzia\u0142 Gospodarczy Krajowego Rejestru S\u0105dowego pod numerem KRS 0000979521, REGON 522443271, NIP 7743270143; adres e-mail: biuro@mastervent.pl.pl, telefon: +48\u00a024\u00a0366 43 10.<\/li>\n<li>Sprzedawca przestrzega zasady ochrony danych osobowych Klient\u00f3w przewidziane Ustaw\u0105 z dnia 29 sierpnia 1997 r. o ochronie danych osobowych (t.j. Dz. U. z 2015 r. poz. 2135).<\/li>\n<li>Klient korzystaj\u0105c z us\u0142ug dost\u0119pnych w Sklepie internetowym wyra\u017ca zgod\u0119 na przetwarzanie swoich danych osobowych przez Sprzedawc\u0119 w zakresie przewidzianym w\u00a0niniejszym dokumencie dla potrzeb \u015bwiadczenia us\u0142ug zgodnie z obowi\u0105zuj\u0105cymi przepisami prawa.<\/li>\n<li>Zbiory danych osobowych Klient\u00f3w zg\u0142oszone s\u0105 do Generalnego Inspektora Ochrony Danych Osobowych.<\/li>\n<li>Sprzedawca stosuje \u015brodki techniczne zapewniaj\u0105ce ochron\u0119 przetwarzanych danych osobowych, a\u00a0w\u00a0szczeg\u00f3lno\u015bci zabezpiecza dane osobowe przed udost\u0119pnieniem ich nieupowa\u017cnionym osobom trzecim, uzyskaniem przez osob\u0119 nieupowa\u017cnion\u0105 a tak\u017ce zmian\u0105, utrat\u0105, uszkodzeniem lub zniszczeniem.<\/li>\n<li>Dost\u0119p do danych osobowych Klienta posiada Sprzedawca na zasadach okre\u015blonych w\u00a0Regulaminie oraz w\u00a0niniejszym dokumencie a tak\u017ce podmioty za pomoc\u0105, kt\u00f3rych Klient dokonuje p\u0142atno\u015bci, kt\u00f3re gromadz\u0105, przetwarzaj\u0105 i przechowuj\u0105 dane osobowe zgodnie ze swoim regulaminami oraz podmioty dokonuj\u0105ce dostaw\u0119 Towaru do Klienta.<\/li>\n<\/ol>\n<h4 style=\"text-align: center;\">\u00a72 Zakres i cel zbierania danych osobowych<\/h4>\n<ol>\n<li>Sprzedawca przetwarza dane osobowe klient\u00f3w w celu realizacji us\u0142ug dost\u0119pnych w Sklepie internetowym oraz w celach ksi\u0119gowych tj.:<br \/>\na) z\u0142o\u017cenia zam\u00f3wienia w Sklepie internetowym,<br \/>\nb) zawarcia umowy sprzeda\u017cy,<br \/>\nc) wystawienia faktury VAT,<br \/>\nd) prowadzenia Konta klienta,<br \/>\ne przesy\u0142ania informacji marketingowych (za odr\u0119bn\u0105 zgod\u0105 Klienta).<\/li>\n<li>Sprzedawca zbiera oraz przetwarza nast\u0119puj\u0105ce dane u\u017cytkownik\u00f3w:<br \/>\na) imi\u0119 i nazwisko,<br \/>\nb) adres zamieszkania,<br \/>\nc) adres do dor\u0119cze\u0144,<br \/>\nd) numer identyfikacji podatkowej (NIP),<br \/>\ne) adres poczty elektronicznej (e-mail),<br \/>\nf) numer telefonu.<\/li>\n<li>Sprzedawca o\u015bwiadcza, i\u017c podanie powy\u017cszych danych przez Klienta jest dobrowolne, ale niezb\u0119dne do pe\u0142nej realizacji us\u0142ug przez Sprzedawc\u0119.<\/li>\n<\/ol>\n<h4 style=\"text-align: center;\">\u00a73 Polityka \u201eCookies\u201d<\/h4>\n<ol>\n<li>Sprzedawca wykorzystuje pliki typu Cookies w celu gromadzenia informacji zwi\u0105zanych z\u00a0korzystaniem z\u00a0Sklepu internetowego przez Klienta. Pliki Cookies to niewielkie pliki tekstowe wysy\u0142ane i przechowywane na urz\u0105dzeniu Klienta, za pomoc\u0105 kt\u00f3rego \u0142\u0105czy si\u0119 z\u00a0Sklepem internetowym. Sprzedawca wykorzystuje pliki Cookies \u201esesyjne\u201d przechowywane na urz\u0105dzeniu ko\u0144cowym Klienta do czasu wylogowania, wy\u0142\u0105czenia strony internetowej lub wy\u0142\u0105czenia przegl\u0105darki internetowej oraz pliki Cookies \u201esta\u0142e\u201d przechowywane na urz\u0105dzeniu ko\u0144cowym Klienta przez czas okre\u015blony w parametrach plik\u00f3w Cookies lub do czasu ich usuni\u0119cia przez Klienta.<\/li>\n<li>Pliki Cookies pozwalaj\u0105 Sprzedawcy na dostosowanie i optymalizacj\u0119 Sklepu internetowego dla potrzeb Klient\u00f3w, tworzenie statystyk ods\u0142on Sklepu internetowego oraz zapewnienie bezpiecze\u0144stwa Sklepu internetowego. Pliki Cookies stosowane s\u0105 r\u00f3wnie\u017c do utrzymania sesji Klienta po opuszczeniu strony internetowej w umo\u017cliwienia powrotu do zawarto\u015bci koszyka. Pliki Cookies umo\u017cliwiaj\u0105 tak\u017ce zapami\u0119tanie wybranych przez Klienta ustawie\u0144 oraz parametr\u00f3w strony.<\/li>\n<li>Klient w ka\u017cdej chwili za pomoc\u0105 swojej przegl\u0105darki internetowej mo\u017ce skasowa\u0107 pliki Cookies pochodz\u0105ce z Sklepu internetowego lub ca\u0142kowicie zablokowa\u0107 ich gromadzenie na urz\u0105dzeniu Klienta.<\/li>\n<li>Zablokowanie przez Klienta mo\u017cliwo\u015bci gromadzenia plik\u00f3w Cookies na jego urz\u0105dzeniu mo\u017ce utrudni\u0107 lub uniemo\u017cliwi\u0107 Klientowi korzystanie z niekt\u00f3rych funkcjonalno\u015bci Sklepu internetowego.<\/li>\n<\/ol>\n<h4 style=\"text-align: center;\">\u00a74 Prawa i obowi\u0105zki<\/h4>\n<ol>\n<li>Sprzedawca ma prawo do przekazania wybranych informacji dotycz\u0105cych Klient\u00f3w organom w\u0142adzy b\u0105d\u017a osob\u0105 trzecim, kt\u00f3re zg\u0142osz\u0105 \u017c\u0105danie udzielenia takich informacji na podstawie obowi\u0105zuj\u0105cych przepis\u00f3w prawa polskiego.<\/li>\n<li>Klient ma prawo dost\u0119pu do tre\u015bci swoich danych osobowych, prawo do ich poprawiania oraz uzupe\u0142niania a tak\u017ce prawo do \u017c\u0105dania ich usuni\u0119cia b\u0105d\u017a zaprzestania przetwarzania. W celu realizacji swoich praw Klient mo\u017ce w ka\u017cdym czasie przes\u0142a\u0107 stosowan\u0105 wiadomo\u015b\u0107 na adres siedziby Sprzedawcy lub adres poczty elektronicznej rodo@mastervent.pl.<\/li>\n<li>\u017b\u0105danie usuni\u0119cia danych osobowych lub zaprzestania ich przetwarzania mo\u017ce skutkowa\u0107 brakiem mo\u017cliwo\u015bci realizacji us\u0142ug przez Sprzedawc\u0119.<\/li>\n<\/ol>\n<p>[\/vc_column_text][\/vc_column_inner][\/vc_row_inner][divider line_type=&raquo;No Line&raquo; custom_height=&raquo;100&#8243;][\/vc_column][\/vc_row]<\/p>\n<\/div>","protected":false},"excerpt":{"rendered":"<p>[vc_row type=&raquo;full_width_background&raquo; full_screen_row_position=&raquo;middle&raquo; scene_position=&raquo;bottom&raquo; mouse_sensitivity=&raquo;12&#8243; layer_one_image=&raquo;7727&#8243; layer_one_strength=&raquo;1&#8243; text_color=&raquo;dark&raquo; text_align=&raquo;left&raquo; top_padding=&raquo;3%&raquo; overlay_strength=&raquo;0.3&#8243; shape_divider_position=&raquo;bottom&raquo; shape_divider_height=&raquo;200&#8243; shape_type=&raquo;speech&raquo;][vc_column column_padding=&raquo;no-extra-padding&raquo; column_padding_position=&raquo;all&raquo; background_color_opacity=&raquo;1&#8243; background_hover_color_opacity=&raquo;1&#8243; column_shadow=&raquo;none&raquo; column_border_radius=&raquo;none&raquo;<\/p>\n","protected":false},"author":1,"featured_media":0,"parent":0,"menu_order":0,"comment_status":"closed","ping_status":"closed","template":"","meta":{"footnotes":""},"class_list":["post-64586","page","type-page","status-publish","hentry"],"_links":{"self":[{"href":"https:\/\/flexmaster.eu\/no\/wp-json\/wp\/v2\/pages\/64586","targetHints":{"allow":["GET"]}}],"collection":[{"href":"https:\/\/flexmaster.eu\/no\/wp-json\/wp\/v2\/pages"}],"about":[{"href":"https:\/\/flexmaster.eu\/no\/wp-json\/wp\/v2\/types\/page"}],"author":[{"embeddable":true,"href":"https:\/\/flexmaster.eu\/no\/wp-json\/wp\/v2\/users\/1"}],"replies":[{"embeddable":true,"href":"https:\/\/flexmaster.eu\/no\/wp-json\/wp\/v2\/comments?post=64586"}],"version-history":[{"count":0,"href":"https:\/\/flexmaster.eu\/no\/wp-json\/wp\/v2\/pages\/64586\/revisions"}],"wp:attachment":[{"href":"https:\/\/flexmaster.eu\/no\/wp-json\/wp\/v2\/media?parent=64586"}],"curies":[{"name":"wp","href":"https:\/\/api.w.org\/{rel}","templated":true}]}}