{"id":64611,"date":"2024-01-04T10:49:35","date_gmt":"2024-01-04T09:49:35","guid":{"rendered":"https:\/\/flexmaster.eu\/om-oss\/"},"modified":"2025-02-05T08:25:19","modified_gmt":"2025-02-05T07:25:19","slug":"om-oss","status":"publish","type":"page","link":"https:\/\/flexmaster.eu\/no\/om-oss\/","title":{"rendered":"Om oss"},"content":{"rendered":"<div class=\"wpb-content-wrapper\"><p>[vc_row type=&raquo;in_container&raquo; full_screen_row_position=&raquo;middle&raquo; scene_position=&raquo;center&raquo; text_color=&raquo;dark&raquo; text_align=&raquo;left&raquo; overlay_strength=&raquo;0.3&#8243; shape_divider_position=&raquo;bottom&raquo;][vc_column width=&raquo;1\/2&#8243; column_padding=&raquo;no-extra-padding&raquo; column_padding_position=&raquo;all&raquo; background_color_opacity=&raquo;1&#8243; background_hover_color_opacity=&raquo;1&#8243; column_shadow=&raquo;none&raquo; column_border_radius=&raquo;none&raquo; tablet_text_alignment=&raquo;default&raquo; phone_text_alignment=&raquo;default&raquo; column_border_width=&raquo;none&raquo; column_border_style=&raquo;solid&raquo;][vc_column_text woodmart_inline=&raquo;no&raquo; text_larger=&raquo;no&raquo;]Mastervent er en nettbutikk til en ledende produsent av tekniske slanger og en produsent av ventilasjonsinstallasjonselementer og st\u00f8vavsug. Vi er ogs\u00e5 distribut\u00f8r av produkter fra mange ledende produsenter av ventilasjons- og klimaanlegg.<\/p>\n<p>V\u00e5rt tilbud inkluderer st\u00f8vfjernings- og filtreringsapparater som brukes i ulike bransjer, som brukes der st\u00f8v- og gassutslipp p\u00e5 arbeidsplassene utgj\u00f8r en reell trussel mot helse og liv til ansatte. Vi tilbyr filtrerings- og ventilasjonsenheter designet for \u00e5 rense luft som er forurenset med t\u00f8rt st\u00f8v med en st\u00f8rrelse under 0,4 \u03bcm, oljet\u00e5keutskillere, avgassutsug og industrielle st\u00f8vsugere.<\/p>\n<p>V\u00e5rt tilbud inkluderer ogs\u00e5 vifter for transport av flis, sagflis og granulater, samt vifter for pumping av varm og fuktig luft, perfekt for tret\u00f8rkere. I tillegg tilbyr vi vifter for aggressive kjemiske medier og vifter for potensielt eksplosive atmosf\u00e6rer, i samsvar med ATEX 94\/9\/EC-direktivet.<\/p>\n<p>Mastervent leverer ogs\u00e5 tjenester innen r\u00e5dgivning, design og implementering av komplette ventilasjonsanlegg for alle som er interessert i sp\u00f8rsm\u00e5l om personlig beskyttelse av ansatte, maskiner og apparater. Vi bist\u00e5r med montering og levering av alle elementer som inng\u00e5r i p\u00e5g\u00e5ende eller planlagte investeringer for typiske og spesialiserte ventilasjonsanlegg.[\/vc_column_text][\/vc_column][vc_column width=&raquo;1\/2&#8243;][vc_video link=&raquo;https:\/\/youtu.be\/1UlkbrNJ6nY&raquo; css=&raquo;&raquo; image_poster_switch=&raquo;no&raquo; woodmart_css_id=&raquo;67a3125907481&#8243;][\/vc_column][\/vc_row]<\/p>\n<\/div>","protected":false},"excerpt":{"rendered":"<p>[vc_row type=&raquo;in_container&raquo; full_screen_row_position=&raquo;middle&raquo; scene_position=&raquo;center&raquo; text_color=&raquo;dark&raquo; text_align=&raquo;left&raquo; overlay_strength=&raquo;0.3&#8243; shape_divider_position=&raquo;bottom&raquo;][vc_column width=&raquo;1\/2&#8243; column_padding=&raquo;no-extra-padding&raquo; column_padding_position=&raquo;all&raquo; background_color_opacity=&raquo;1&#8243; background_hover_color_opacity=&raquo;1&#8243; column_shadow=&raquo;none&raquo; column_border_radius=&raquo;none&raquo; tablet_text_alignment=&raquo;default&raquo; phone_text_alignment=&raquo;default&raquo; column_border_width=&raquo;none&raquo; column_border_style=&raquo;solid&raquo;][vc_column_text woodmart_inline=&raquo;no&raquo;<\/p>\n","protected":false},"author":1,"featured_media":0,"parent":0,"menu_order":0,"comment_status":"open","ping_status":"open","template":"","meta":{"footnotes":""},"class_list":["post-64611","page","type-page","status-publish","hentry"],"_links":{"self":[{"href":"https:\/\/flexmaster.eu\/no\/wp-json\/wp\/v2\/pages\/64611","targetHints":{"allow":["GET"]}}],"collection":[{"href":"https:\/\/flexmaster.eu\/no\/wp-json\/wp\/v2\/pages"}],"about":[{"href":"https:\/\/flexmaster.eu\/no\/wp-json\/wp\/v2\/types\/page"}],"author":[{"embeddable":true,"href":"https:\/\/flexmaster.eu\/no\/wp-json\/wp\/v2\/users\/1"}],"replies":[{"embeddable":true,"href":"https:\/\/flexmaster.eu\/no\/wp-json\/wp\/v2\/comments?post=64611"}],"version-history":[{"count":0,"href":"https:\/\/flexmaster.eu\/no\/wp-json\/wp\/v2\/pages\/64611\/revisions"}],"wp:attachment":[{"href":"https:\/\/flexmaster.eu\/no\/wp-json\/wp\/v2\/media?parent=64611"}],"curies":[{"name":"wp","href":"https:\/\/api.w.org\/{rel}","templated":true}]}}