{"id":64614,"date":"2024-01-04T10:50:31","date_gmt":"2024-01-04T09:50:31","guid":{"rendered":"https:\/\/flexmaster.eu\/despre-noi\/"},"modified":"2025-02-05T08:25:40","modified_gmt":"2025-02-05T07:25:40","slug":"despre-noi","status":"publish","type":"page","link":"https:\/\/flexmaster.eu\/ro\/despre-noi\/","title":{"rendered":"Despre noi"},"content":{"rendered":"<div class=\"wpb-content-wrapper\"><p>[vc_row type=&#8221;in_container&#8221; full_screen_row_position=&#8221;middle&#8221; scene_position=&#8221;center&#8221; text_color=&#8221;dark&#8221; text_align=&#8221;left&#8221; overlay_strength=&#8221;0.3&#8243; shape_divider_position=&#8221;bottom&#8221;][vc_column width=&#8221;1\/2&#8243; column_padding=&#8221;no-extra-padding&#8221; column_padding_position=&#8221;all&#8221; background_color_opacity=&#8221;1&#8243; background_hover_color_opacity=&#8221;1&#8243; column_shadow=&#8221;none&#8221; column_border_radius=&#8221;none&#8221; tablet_text_alignment=&#8221;default&#8221; phone_text_alignment=&#8221;default&#8221; column_border_width=&#8221;none&#8221; column_border_style=&#8221;solid&#8221;][vc_column_text woodmart_inline=&#8221;no&#8221; text_larger=&#8221;no&#8221;]Mastervent este un magazin online al unui produc\u0103tor de top de furtunuri tehnice \u0219i un produc\u0103tor de elemente de instala\u021bii de ventila\u021bie \u0219i dispozitive de extrac\u021bie a prafului. De asemenea, suntem distribuitori de produse de la mul\u021bi produc\u0103tori de top de echipamente de ventila\u021bie \u0219i aer condi\u021bionat.<\/p>\n<p>Oferta noastr\u0103 include dispozitive de \u00eendep\u0103rtare a prafului \u0219i de filtrare utilizate \u00een diverse industrii, care sunt utilizate acolo unde emisiile de praf \u0219i gaze la locurile de munc\u0103 reprezint\u0103 o amenin\u021bare real\u0103 pentru s\u0103n\u0103tatea \u0219i via\u021ba angaja\u021bilor. Oferim dispozitive de filtrare \u0219i ventila\u021bie concepute pentru a purifica aerul contaminat cu praf uscat cu o dimensiune sub 0,4 \u03bcm, separatoare de cea\u021b\u0103 de ulei, extractoare de gaze de e\u0219apament \u0219i aspiratoare industriale.<\/p>\n<p>Oferta noastr\u0103 include \u0219i ventilatoare pentru transportul a\u0219chiilor, rumegu\u0219ului \u0219i granulelor, precum \u0219i ventilatoare pentru pomparea aerului cald \u0219i umed, perfecte pentru usc\u0103toarele de lemne. \u00cen plus, oferim ventilatoare pentru medii chimice agresive \u0219i ventilatoare pentru atmosfere poten\u021bial explozive, conforme cu Directiva ATEX 94\/9\/EC.<\/p>\n<p>Mastervent ofer\u0103, de asemenea, servicii de consultan\u021b\u0103, proiectare \u0219i implementare de sisteme complete de ventila\u021bie pentru to\u021bi cei interesa\u021bi de problemele de protec\u021bie personal\u0103 a angaja\u021bilor, ma\u0219inilor \u0219i dispozitivelor. Oferim asistenta la asamblarea si livrarea tuturor elementelor incluse in investitiile in derulare sau planificate pentru sisteme de ventilatie tipice si specializate.[\/vc_column_text][\/vc_column][vc_column width=&#8221;1\/2&#8243;][vc_video link=&#8221;https:\/\/youtu.be\/1UlkbrNJ6nY&#8221; css=&#8221;&#8221; image_poster_switch=&#8221;no&#8221; woodmart_css_id=&#8221;67a3126d51962&#8243;][\/vc_column][\/vc_row]<\/p>\n<\/div>","protected":false},"excerpt":{"rendered":"<p>[vc_row type=&#8221;in_container&#8221; full_screen_row_position=&#8221;middle&#8221; scene_position=&#8221;center&#8221; text_color=&#8221;dark&#8221; text_align=&#8221;left&#8221; overlay_strength=&#8221;0.3&#8243; shape_divider_position=&#8221;bottom&#8221;][vc_column width=&#8221;1\/2&#8243; column_padding=&#8221;no-extra-padding&#8221; column_padding_position=&#8221;all&#8221; background_color_opacity=&#8221;1&#8243; background_hover_color_opacity=&#8221;1&#8243; column_shadow=&#8221;none&#8221; column_border_radius=&#8221;none&#8221; tablet_text_alignment=&#8221;default&#8221; phone_text_alignment=&#8221;default&#8221; column_border_width=&#8221;none&#8221; column_border_style=&#8221;solid&#8221;][vc_column_text woodmart_inline=&#8221;no&#8221;<\/p>\n","protected":false},"author":1,"featured_media":0,"parent":0,"menu_order":0,"comment_status":"open","ping_status":"open","template":"","meta":{"footnotes":""},"class_list":["post-64614","page","type-page","status-publish","hentry"],"_links":{"self":[{"href":"https:\/\/flexmaster.eu\/ro\/wp-json\/wp\/v2\/pages\/64614","targetHints":{"allow":["GET"]}}],"collection":[{"href":"https:\/\/flexmaster.eu\/ro\/wp-json\/wp\/v2\/pages"}],"about":[{"href":"https:\/\/flexmaster.eu\/ro\/wp-json\/wp\/v2\/types\/page"}],"author":[{"embeddable":true,"href":"https:\/\/flexmaster.eu\/ro\/wp-json\/wp\/v2\/users\/1"}],"replies":[{"embeddable":true,"href":"https:\/\/flexmaster.eu\/ro\/wp-json\/wp\/v2\/comments?post=64614"}],"version-history":[{"count":0,"href":"https:\/\/flexmaster.eu\/ro\/wp-json\/wp\/v2\/pages\/64614\/revisions"}],"wp:attachment":[{"href":"https:\/\/flexmaster.eu\/ro\/wp-json\/wp\/v2\/media?parent=64614"}],"curies":[{"name":"wp","href":"https:\/\/api.w.org\/{rel}","templated":true}]}}