{"id":71698,"date":"2018-01-01T22:23:20","date_gmt":"2018-01-01T21:23:20","guid":{"rendered":"https:\/\/flexmaster.eu\/produkt\/vent-clip-ht-650\/"},"modified":"2025-06-12T20:15:36","modified_gmt":"2025-06-12T18:15:36","slug":"vent-clip-ht-650","status":"publish","type":"product","link":"https:\/\/flexmaster.eu\/ro\/produkt\/vent-clip-ht-650\/","title":{"rendered":"Vent Clip HT 650"},"content":{"rendered":"","protected":false},"excerpt":{"rendered":"<p>Vent Clip HT 650 este un furtun conceput pentru a func\u021biona la temperaturi de la -20\u00b0C p\u00e2n\u0103 la +650\u00b0C (temporar chiar \u0219i p\u00e2n\u0103 la +750\u00b0C) &#8211;<strong> Furtunul trebuie alimentat cu suficient aer proasp\u0103t (min. 50%).<\/strong> Furtunul nu con\u021bine silicon, ceea ce \u00eel face ignifug. Este acoperit at\u00e2t din exterior c\u00e2t \u0219i din interior cu o \u021bes\u0103tur\u0103 de \u00eenalt\u0103 temperatur\u0103, acoperit\u0103 cu stabilizatori speciali de temperatur\u0103 \u0219i \u00eent\u0103rit\u0103 cu fibre de o\u021bel inoxidabil. La structura furtunului a fost aplicat\u0103 o spiral\u0103 extern\u0103 din o\u021bel, care \u00eel protejeaz\u0103 suplimentar \u00eempotriva deterior\u0103rilor mecanice \u0219i vibra\u021biilor. Produsul este utilizat \u00een instala\u021bii de evacuare \u0219i dispozitive de aspirare. Este folosit cel mai adesea \u00een industria auto, aerospa\u021bial\u0103, naval\u0103 \u0219i siderurgic\u0103.<\/p>\n<h6 style=\"color: #0061af;\">Norme de produc\u021bie:<\/h6>\n<ul>\n<li>DN 50 \u2013 DN 900<\/li>\n<li>Culoare: argintiu<\/li>\n<li>Lungimi de fabrica\u021bie de la 3m p\u00e2n\u0103 la 10m<\/li>\n<\/ul>\n","protected":false},"featured_media":89654,"comment_status":"closed","ping_status":"closed","template":"","meta":[],"product_brand":[],"product_cat":[1920,1826,1914],"product_tag":[],"class_list":{"0":"post-71698","1":"product","2":"type-product","3":"status-publish","4":"has-post-thumbnail","6":"product_cat-furtunuri-pentru-aspirarea-gazelor-de-ardere","7":"product_cat-furtunuri-industriale","8":"product_cat-furtunuri-de-temperaturi-inalte","9":"product_shipping_class-drobnica-ro","10":"pa_max-temperatura-c-650c-ro","11":"pa_medium-gaze-aer-gaze-de-ardere-abur","12":"pa_min-temperatura-c-20c-ro","13":"pa_wlasciwosci-compresibil","14":"pa_wlasciwosci-ignifug","15":"pa_zastosowanie-industria-celulozei-si-hartiei","16":"pa_zastosowanie-industria-metalelor","17":"pa_zastosowanie-industrie-auto","18":"pa_zastosowanie-industrie-ceramica","19":"pa_zastosowanie-industrie-chimica","20":"pa_zastosowanie-industrie-de-armament","21":"pa_zastosowanie-industrie-de-masini","22":"pa_zastosowanie-industrie-textila","23":"pa_zastosowanie-prelucrarea-materialelor-sintetice","24":"tm-has-options","26":"first","27":"instock","28":"taxable","29":"shipping-taxable","30":"purchasable","31":"product-type-variable","32":"has-default-attributes"},"_links":{"self":[{"href":"https:\/\/flexmaster.eu\/ro\/wp-json\/wp\/v2\/product\/71698","targetHints":{"allow":["GET"]}}],"collection":[{"href":"https:\/\/flexmaster.eu\/ro\/wp-json\/wp\/v2\/product"}],"about":[{"href":"https:\/\/flexmaster.eu\/ro\/wp-json\/wp\/v2\/types\/product"}],"replies":[{"embeddable":true,"href":"https:\/\/flexmaster.eu\/ro\/wp-json\/wp\/v2\/comments?post=71698"}],"wp:featuredmedia":[{"embeddable":true,"href":"https:\/\/flexmaster.eu\/ro\/wp-json\/wp\/v2\/media\/89654"}],"wp:attachment":[{"href":"https:\/\/flexmaster.eu\/ro\/wp-json\/wp\/v2\/media?parent=71698"}],"wp:term":[{"taxonomy":"product_brand","embeddable":true,"href":"https:\/\/flexmaster.eu\/ro\/wp-json\/wp\/v2\/product_brand?post=71698"},{"taxonomy":"product_cat","embeddable":true,"href":"https:\/\/flexmaster.eu\/ro\/wp-json\/wp\/v2\/product_cat?post=71698"},{"taxonomy":"product_tag","embeddable":true,"href":"https:\/\/flexmaster.eu\/ro\/wp-json\/wp\/v2\/product_tag?post=71698"}],"curies":[{"name":"wp","href":"https:\/\/api.w.org\/{rel}","templated":true}]}}