{"id":67204,"date":"2024-01-04T14:06:49","date_gmt":"2024-01-04T13:06:49","guid":{"rendered":"https:\/\/flexmaster.eu\/o-nas\/"},"modified":"2025-02-05T08:26:30","modified_gmt":"2025-02-05T07:26:30","slug":"o-nas","status":"publish","type":"page","link":"https:\/\/flexmaster.eu\/sk\/o-nas\/","title":{"rendered":"O n\u00e1s"},"content":{"rendered":"<div class=\"wpb-content-wrapper\"><p>[vc_row type=&#8220;in_container&#8220; full_screen_row_position=&#8220;middle&#8220; scene_position=&#8220;center&#8220; text_color=&#8220;dark&#8220; text_align=&#8220;left&#8220; overlay_strength=&#8220;0.3&#8243; shape_divider_position=&#8220;bottom&#8220;][vc_column width=&#8220;1\/2&#8243; column_padding=&#8220;no-extra-padding&#8220; column_padding_position=&#8220;all&#8220; background_color_opacity=&#8220;1&#8243; background_hover_color_opacity=&#8220;1&#8243; column_shadow=&#8220;none&#8220; column_border_radius=&#8220;none&#8220; tablet_text_alignment=&#8220;default&#8220; phone_text_alignment=&#8220;default&#8220; column_border_width=&#8220;none&#8220; column_border_style=&#8220;solid&#8220;][vc_column_text woodmart_inline=&#8220;no&#8220; text_larger=&#8220;no&#8220;]Mastervent je internetov\u00fd obchod popredn\u00e9ho v\u00fdrobcu technick\u00fdch had\u00edc a v\u00fdrobcu ventila\u010dn\u00fdch in\u0161tala\u010dn\u00fdch prvkov a zariaden\u00ed na ods\u00e1vanie prachu. Sme tie\u017e distrib\u00fatorom produktov od mnoh\u00fdch popredn\u00fdch v\u00fdrobcov vzduchotechnick\u00fdch a klimatiza\u010dn\u00fdch zariaden\u00ed.<\/p>\n<p>Na\u0161a ponuka zah\u0155\u0148a odpra\u0161ovacie a filtra\u010dn\u00e9 zariadenia pou\u017e\u00edvan\u00e9 v r\u00f4znych priemyseln\u00fdch odvetviach, ktor\u00e9 sa pou\u017e\u00edvaj\u00fa tam, kde emisie prachu a plynov na pracovisk\u00e1ch predstavuj\u00fa skuto\u010dn\u00fa hrozbu pre zdravie a \u017eivot zamestnancov. Pon\u00fakame filtra\u010dn\u00e9 a ventila\u010dn\u00e9 zariadenia ur\u010den\u00e9 na \u010distenie vzduchu kontaminovan\u00e9ho such\u00fdm prachom s ve\u013ekos\u0165ou do 0,4 \u03bcm, odlu\u010dova\u010de olejovej hmly, ods\u00e1va\u010de v\u00fdfukov\u00fdch plynov a priemyseln\u00e9 vys\u00e1va\u010de.<\/p>\n<p>V na\u0161ej ponuke n\u00e1jdete aj ventil\u00e1tory na prepravu \u0161tiepok, pil\u00edn a granul\u00e1tov, ako aj ventil\u00e1tory na pre\u010derp\u00e1vanie hor\u00faceho a vlhk\u00e9ho vzduchu, ide\u00e1lne do su\u0161iarne dreva. Okrem toho pon\u00fakame ventil\u00e1tory pre agres\u00edvne chemick\u00e9 m\u00e9di\u00e1 a ventil\u00e1tory pre potenci\u00e1lne v\u00fdbu\u0161n\u00e9 prostredia, ktor\u00e9 s\u00fa v s\u00falade so smernicou ATEX 94\/9\/EC.<\/p>\n<p>Mastervent tie\u017e poskytuje slu\u017eby v oblasti poradenstva, projektovania a realiz\u00e1cie kompletn\u00fdch vzduchotechnick\u00fdch syst\u00e9mov pre v\u0161etk\u00fdch z\u00e1ujemcov o problematiku osobnej ochrany zamestnancov, strojov a zariaden\u00ed. Poskytujeme asistenciu pri mont\u00e1\u017ei a dod\u00e1vke v\u0161etk\u00fdch prvkov zahrnut\u00fdch v prebiehaj\u00facich alebo pl\u00e1novan\u00fdch invest\u00edci\u00e1ch pre typick\u00e9 a \u0161pecializovan\u00e9 ventila\u010dn\u00e9 syst\u00e9my.[\/vc_column_text][\/vc_column][vc_column width=&#8220;1\/2&#8243;][vc_video link=&#8220;https:\/\/youtu.be\/1UlkbrNJ6nY&#8220; css=&#8220;&#8220; image_poster_switch=&#8220;no&#8220; woodmart_css_id=&#8220;67a312a00e138&#8243;][\/vc_column][\/vc_row]<\/p>\n<\/div>","protected":false},"excerpt":{"rendered":"<p>[vc_row type=&#8220;in_container&#8220; full_screen_row_position=&#8220;middle&#8220; scene_position=&#8220;center&#8220; text_color=&#8220;dark&#8220; text_align=&#8220;left&#8220; overlay_strength=&#8220;0.3&#8243; shape_divider_position=&#8220;bottom&#8220;][vc_column width=&#8220;1\/2&#8243; column_padding=&#8220;no-extra-padding&#8220; column_padding_position=&#8220;all&#8220; background_color_opacity=&#8220;1&#8243; background_hover_color_opacity=&#8220;1&#8243; column_shadow=&#8220;none&#8220; column_border_radius=&#8220;none&#8220; tablet_text_alignment=&#8220;default&#8220; phone_text_alignment=&#8220;default&#8220; column_border_width=&#8220;none&#8220; column_border_style=&#8220;solid&#8220;][vc_column_text woodmart_inline=&#8220;no&#8220;<\/p>\n","protected":false},"author":1,"featured_media":0,"parent":0,"menu_order":0,"comment_status":"open","ping_status":"open","template":"","meta":{"footnotes":""},"class_list":["post-67204","page","type-page","status-publish","hentry"],"_links":{"self":[{"href":"https:\/\/flexmaster.eu\/sk\/wp-json\/wp\/v2\/pages\/67204","targetHints":{"allow":["GET"]}}],"collection":[{"href":"https:\/\/flexmaster.eu\/sk\/wp-json\/wp\/v2\/pages"}],"about":[{"href":"https:\/\/flexmaster.eu\/sk\/wp-json\/wp\/v2\/types\/page"}],"author":[{"embeddable":true,"href":"https:\/\/flexmaster.eu\/sk\/wp-json\/wp\/v2\/users\/1"}],"replies":[{"embeddable":true,"href":"https:\/\/flexmaster.eu\/sk\/wp-json\/wp\/v2\/comments?post=67204"}],"version-history":[{"count":0,"href":"https:\/\/flexmaster.eu\/sk\/wp-json\/wp\/v2\/pages\/67204\/revisions"}],"wp:attachment":[{"href":"https:\/\/flexmaster.eu\/sk\/wp-json\/wp\/v2\/media?parent=67204"}],"curies":[{"name":"wp","href":"https:\/\/api.w.org\/{rel}","templated":true}]}}