{"id":72686,"date":"2017-12-29T21:54:36","date_gmt":"2017-12-29T20:54:36","guid":{"rendered":"https:\/\/flexmaster.eu\/produkt\/vent-clip-iso-silicon\/"},"modified":"2017-12-29T21:54:36","modified_gmt":"2017-12-29T20:54:36","slug":"vent-clip-iso-silicon","status":"publish","type":"product","link":"https:\/\/flexmaster.eu\/sk\/produkt\/vent-clip-iso-silicon\/","title":{"rendered":"Vent Clip ISO Silicon"},"content":{"rendered":"","protected":false},"excerpt":{"rendered":"<p>Vent Clip ISO Silicon je sacia a v\u00fdtla\u010dn\u00e1 hadica, je odoln\u00e1 vo\u010di oh\u0148u, odoln\u00e1 vo\u010di vysok\u00fdm teplot\u00e1m. Pou\u017e\u00edva sa v sac\u00edch zariadeniach so zv\u00fd\u0161enou \u00fa\u010dinnos\u0165ou vyp\u00fa\u0161\u0165ania, vr\u00e1tane: v kon\u0161trukcii vozidiel a motorov, v\u0161eobecnej technol\u00f3gii a v leteckom priemysle. Hadica sa vyzna\u010duje ve\u013emi dobrou pru\u017enos\u0165ou, vysokou stla\u010dite\u013enos\u0165ou (1:4) a mal\u00fdm polomerom ohybu. Vonkaj\u0161ia stena hadice je vyroben\u00e1 zo sklenej l\u00e1tky potiahnutej silik\u00f3nom. Vn\u00fatorn\u00e1 stena je tepelne odoln\u00e1, impregnovan\u00e1 tkanina zo sklen\u00fdch vl\u00e1kien. Pou\u017eitie \u0161pir\u00e1ly z pozinkovanej ocele chr\u00e1ni hadicu pred po\u0161koden\u00edm. Upev\u0148enie met\u00f3dou CLIP rob\u00ed hadicu odolnou vo\u010di roztrhnutiu.<\/p>\n<h6 style=\"color: #0061af;\">V\u00fdrobn\u00e9 \u0161tandardy:<\/h6>\n<ul>\n<li>DN 50 \u2013 DN 900<\/li>\n<li>Farba: strieborn\u00e1<\/li>\n<li>V\u00fdrobn\u00e9 d\u013a\u017eky: od 3m do 10m<\/li>\n<\/ul>\n","protected":false},"featured_media":89565,"comment_status":"closed","ping_status":"closed","template":"","meta":[],"product_brand":[],"product_cat":[2045,1974,2062],"product_tag":[],"class_list":{"0":"post-72686","1":"product","2":"type-product","3":"status-publish","4":"has-post-thumbnail","6":"product_cat-teplovzdusne-hadice","7":"product_cat-priemyselne-hadice","8":"product_cat-vysokoteplotne-hadice","9":"pa_max-temperatura-c-300c-sk","10":"pa_medium-plyn-vzduch-vyfukove-plyny-para-sk","11":"pa_min-cisnienie-bar-0009-sk","12":"pa_min-temperatura-c-60c-sk","13":"pa_wlasciwosci-odolna-voci-ohnu","14":"pa_wlasciwosci-stlacitelna","15":"pa_zastosowanie-automobilovy-priemysel","16":"pa_zastosowanie-celulozovy-a-papierensky-priemysel","17":"pa_zastosowanie-keramicky-priemysel","18":"pa_zastosowanie-oceliarsky-priemysel","19":"pa_zastosowanie-spracovanie-plastov","20":"pa_zastosowanie-strojarsky-priemysel","21":"pa_zastosowanie-textilny-priemysel","22":"pa_zastosowanie-zbrojarsky-priemysel","23":"tm-has-options","25":"first","26":"instock","27":"taxable","28":"shipping-taxable","29":"purchasable","30":"product-type-variable","31":"has-default-attributes"},"_links":{"self":[{"href":"https:\/\/flexmaster.eu\/sk\/wp-json\/wp\/v2\/product\/72686","targetHints":{"allow":["GET"]}}],"collection":[{"href":"https:\/\/flexmaster.eu\/sk\/wp-json\/wp\/v2\/product"}],"about":[{"href":"https:\/\/flexmaster.eu\/sk\/wp-json\/wp\/v2\/types\/product"}],"replies":[{"embeddable":true,"href":"https:\/\/flexmaster.eu\/sk\/wp-json\/wp\/v2\/comments?post=72686"}],"wp:featuredmedia":[{"embeddable":true,"href":"https:\/\/flexmaster.eu\/sk\/wp-json\/wp\/v2\/media\/89565"}],"wp:attachment":[{"href":"https:\/\/flexmaster.eu\/sk\/wp-json\/wp\/v2\/media?parent=72686"}],"wp:term":[{"taxonomy":"product_brand","embeddable":true,"href":"https:\/\/flexmaster.eu\/sk\/wp-json\/wp\/v2\/product_brand?post=72686"},{"taxonomy":"product_cat","embeddable":true,"href":"https:\/\/flexmaster.eu\/sk\/wp-json\/wp\/v2\/product_cat?post=72686"},{"taxonomy":"product_tag","embeddable":true,"href":"https:\/\/flexmaster.eu\/sk\/wp-json\/wp\/v2\/product_tag?post=72686"}],"curies":[{"name":"wp","href":"https:\/\/api.w.org\/{rel}","templated":true}]}}