{"id":91213,"date":"2025-03-14T08:18:28","date_gmt":"2025-03-14T07:18:28","guid":{"rendered":"https:\/\/flexmaster.eu\/produkt\/vent-st-flex\/"},"modified":"2025-11-17T07:46:04","modified_gmt":"2025-11-17T06:46:04","slug":"vent-st-flex","status":"publish","type":"product","link":"https:\/\/flexmaster.eu\/sk\/produkt\/vent-st-flex\/","title":{"rendered":"Vent ST FLEX"},"content":{"rendered":"","protected":false},"excerpt":{"rendered":"<p>Univerz\u00e1lna sacia a v\u00fdtla\u010dn\u00e1 hadica, odoln\u00e1 vo\u010di oderu a v\u00e1kuu, na prepravu pevn\u00fdch, kvapaln\u00fdch a plynn\u00fdch materi\u00e1lov. Pou\u017e\u00edva sa vo v\u00e1kuov\u00fdch \u010derpadl\u00e1ch, po\u013enohospod\u00e1rskych strojoch, stavebn\u00edctve, \u010distiar\u0148ach odpadov\u00fdch v\u00f4d a odvod\u0148ovan\u00ed podzemn\u00fdch v\u00f4d.<\/p>\n<h6>V\u00fdrobn\u00e9 normy<\/h6>\n<ul>\n<li>DN 12,5 \u2013 DN 110<\/li>\n<li>Farba: prieh\u013eadn\u00e1<\/li>\n<li>V\u00fdrobn\u00e9 d\u013a\u017eky: 50 m<\/li>\n<\/ul>\n","protected":false},"featured_media":88815,"comment_status":"open","ping_status":"closed","template":"","meta":[],"product_brand":[],"product_cat":[2033,2685,1974],"product_tag":[],"class_list":{"0":"post-91213","1":"product","2":"type-product","3":"status-publish","4":"has-post-thumbnail","6":"product_cat-hadice-odolne-voci-chemikaliam","7":"product_cat-hadice-na-vseobecne-pouzitie","8":"product_cat-priemyselne-hadice","9":"tm-has-options","11":"first","12":"instock","13":"taxable","14":"shipping-taxable","15":"purchasable","16":"product-type-variable","17":"has-default-attributes"},"_links":{"self":[{"href":"https:\/\/flexmaster.eu\/sk\/wp-json\/wp\/v2\/product\/91213","targetHints":{"allow":["GET"]}}],"collection":[{"href":"https:\/\/flexmaster.eu\/sk\/wp-json\/wp\/v2\/product"}],"about":[{"href":"https:\/\/flexmaster.eu\/sk\/wp-json\/wp\/v2\/types\/product"}],"replies":[{"embeddable":true,"href":"https:\/\/flexmaster.eu\/sk\/wp-json\/wp\/v2\/comments?post=91213"}],"wp:featuredmedia":[{"embeddable":true,"href":"https:\/\/flexmaster.eu\/sk\/wp-json\/wp\/v2\/media\/88815"}],"wp:attachment":[{"href":"https:\/\/flexmaster.eu\/sk\/wp-json\/wp\/v2\/media?parent=91213"}],"wp:term":[{"taxonomy":"product_brand","embeddable":true,"href":"https:\/\/flexmaster.eu\/sk\/wp-json\/wp\/v2\/product_brand?post=91213"},{"taxonomy":"product_cat","embeddable":true,"href":"https:\/\/flexmaster.eu\/sk\/wp-json\/wp\/v2\/product_cat?post=91213"},{"taxonomy":"product_tag","embeddable":true,"href":"https:\/\/flexmaster.eu\/sk\/wp-json\/wp\/v2\/product_tag?post=91213"}],"curies":[{"name":"wp","href":"https:\/\/api.w.org\/{rel}","templated":true}]}}