{"id":74140,"date":"2018-01-01T21:09:10","date_gmt":"2018-01-01T20:09:10","guid":{"rendered":"https:\/\/flexmaster.eu\/produkt\/vent-clip-ht-450\/"},"modified":"2025-06-12T20:25:25","modified_gmt":"2025-06-12T18:25:25","slug":"vent-clip-ht-450","status":"publish","type":"product","link":"https:\/\/flexmaster.eu\/sv\/produkt\/vent-clip-ht-450\/","title":{"rendered":"Vent Clip HT 450"},"content":{"rendered":"","protected":false},"excerpt":{"rendered":"<p>Vent Clip HT 450 \u00e4r en h\u00f6gtemperaturslang som anv\u00e4nds inom industribranschen. Produkten t\u00e5l temperaturer fr\u00e5n -20\u00b0C till +450\u00b0C (under kortare perioder upp till +500\u00b0C) &#8211;<strong>La manguera debe estar provista de suficiente aire fresco (m\u00edn. 50%).<\/strong> Dess yttre spiral av f\u00f6rzinkat st\u00e5l ger h\u00f6g best\u00e4ndighet mot mekanisk \u00e5verkan. Vent Clip HT k\u00e4nnetecknas samtidigt av h\u00f6g flexibilitet och axiell kompressibilitet. Slangen \u00e4r f\u00f6rsedd med en rad teknologiska l\u00f6sningar som skyddar den mot h\u00f6ga temperaturer: impregnerat v\u00e4rmet\u00e5ligt glasfibertyg p\u00e5 insidan och temperaturbest\u00e4ndigt tyg f\u00f6rst\u00e4rkt med rostfria st\u00e5lfibrer. Monteras enligt CLIP-metoden.<\/p>\n<h6 style=\"color: #0061af;\">Produktionsstandarder:<\/h6>\n<ul>\n<li>DN 50 \u2013 DN 900<\/li>\n<li>F\u00e4rg: yttre &#8211; gr\u00e5, inre &#8211; silver<\/li>\n<li>Produktionsl\u00e4ngder: fr\u00e5n 3m till 10m<\/li>\n<\/ul>\n","protected":false},"featured_media":89645,"comment_status":"closed","ping_status":"closed","template":"","meta":[],"product_brand":[],"product_cat":[2216,2210,2122],"product_tag":[],"class_list":{"0":"post-74140","1":"product","2":"type-product","3":"status-publish","4":"has-post-thumbnail","6":"product_cat-slangar-for-utsug-av-avgaser","7":"product_cat-hogtemperaturslangar","8":"product_cat-industrislangar","9":"pa_max-temperatura-c-450c-sv","10":"pa_medium-gas-luft-avgaser-anga","11":"pa_min-temperatura-c-20c-sv","12":"pa_wlasciwosci-kompressibel","13":"pa_wlasciwosci-svarantandlig","14":"pa_zastosowanie-bilindustrin","15":"pa_zastosowanie-kemikalieindustrin","16":"pa_zastosowanie-keramikindustrin","17":"pa_zastosowanie-maskinindustrin","18":"pa_zastosowanie-metallindustrin","19":"pa_zastosowanie-pappers-och-massaindustrin","20":"pa_zastosowanie-plastbehandling","21":"pa_zastosowanie-textilindustrin","22":"pa_zastosowanie-vapenindustrin","23":"tm-has-options","25":"first","26":"instock","27":"taxable","28":"shipping-taxable","29":"purchasable","30":"product-type-variable","31":"has-default-attributes"},"_links":{"self":[{"href":"https:\/\/flexmaster.eu\/sv\/wp-json\/wp\/v2\/product\/74140","targetHints":{"allow":["GET"]}}],"collection":[{"href":"https:\/\/flexmaster.eu\/sv\/wp-json\/wp\/v2\/product"}],"about":[{"href":"https:\/\/flexmaster.eu\/sv\/wp-json\/wp\/v2\/types\/product"}],"replies":[{"embeddable":true,"href":"https:\/\/flexmaster.eu\/sv\/wp-json\/wp\/v2\/comments?post=74140"}],"wp:featuredmedia":[{"embeddable":true,"href":"https:\/\/flexmaster.eu\/sv\/wp-json\/wp\/v2\/media\/89645"}],"wp:attachment":[{"href":"https:\/\/flexmaster.eu\/sv\/wp-json\/wp\/v2\/media?parent=74140"}],"wp:term":[{"taxonomy":"product_brand","embeddable":true,"href":"https:\/\/flexmaster.eu\/sv\/wp-json\/wp\/v2\/product_brand?post=74140"},{"taxonomy":"product_cat","embeddable":true,"href":"https:\/\/flexmaster.eu\/sv\/wp-json\/wp\/v2\/product_cat?post=74140"},{"taxonomy":"product_tag","embeddable":true,"href":"https:\/\/flexmaster.eu\/sv\/wp-json\/wp\/v2\/product_tag?post=74140"}],"curies":[{"name":"wp","href":"https:\/\/api.w.org\/{rel}","templated":true}]}}